{"id":2337,"date":"2025-06-06T15:54:34","date_gmt":"2025-06-06T13:54:34","guid":{"rendered":"http:\/\/localhost\/mon-site\/?page_id=2337"},"modified":"2025-08-19T15:38:24","modified_gmt":"2025-08-19T13:38:24","slug":"apel","status":"publish","type":"page","link":"https:\/\/www.donbosco-landser.net\/?page_id=2337","title":{"rendered":"APEL"},"content":{"rendered":"\n<div style=\"height:31px\" aria-hidden=\"true\" class=\"wp-block-spacer\"><\/div>\n\n\n\n<h2 class=\"wp-block-heading has-text-align-center\">APEL<\/h2>\n\n\n\n<div style=\"height:29px\" aria-hidden=\"true\" class=\"wp-block-spacer\"><\/div>\n\n\n\n<p><strong>\ud83d\udc68\u200d\ud83d\udc69\u200d\ud83d\udc67\u200d\ud83d\udc66 L\u2019APEL \u2013 Des Parents Engag\u00e9s pour Vos Enfants<\/strong><\/p>\n\n\n\n<p>\u00c0 <strong>Don Bosco Landser<\/strong>, l\u2019<strong>APEL<\/strong> (Association des Parents d\u2019\u00e9l\u00e8ves de l\u2019Enseignement Libre) est un <strong>partenaire essentiel<\/strong> de la communaut\u00e9 \u00e9ducative. Les parents s\u2019impliquent activement pour <strong>accompagner, soutenir et encourager<\/strong> les \u00e9l\u00e8ves et l\u2019\u00e9tablissement.<\/p>\n\n\n\n<h3 class=\"wp-block-heading\"><strong>\ud83d\udd39 Nos Actions au Quotidien<\/strong><\/h3>\n\n\n\n<p>\u2192 <strong>Participer<\/strong> :<\/p>\n\n\n\n<ul class=\"wp-block-list\">\n<li>Repr\u00e9sentation dans les <strong>instances<\/strong> (conseil d\u2019\u00e9tablissement, commission pastorale, conseils de classe).<\/li>\n\n\n\n<li><strong>Lien entre les familles et l\u2019\u00e9cole<\/strong> gr\u00e2ce aux parents correspondants.<\/li>\n\n\n\n<li>Gestion du <strong>Bureau de Documentation et d\u2019Information (BDI)<\/strong>.<\/li>\n<\/ul>\n\n\n\n<p>\u2192 <strong>Soutenir<\/strong> :<\/p>\n\n\n\n<ul class=\"wp-block-list\">\n<li>Organisation de <strong>sorties de classe<\/strong> et <strong>groupes de lecture<\/strong> (5\u00e8me).<\/li>\n\n\n\n<li><strong>Accompagnement des \u00e9tudes<\/strong> (5\u00e8me, 4\u00e8me, 3\u00e8me) pour un travail en bin\u00f4me.<\/li>\n\n\n\n<li>Participation aux <strong>temps forts<\/strong> (Messe de la communaut\u00e9 \u00e9ducative, F\u00eate de Saint Jean Bosco).<\/li>\n<\/ul>\n\n\n\n<p>\u2192 <strong>Encourager<\/strong> :<\/p>\n\n\n\n<ul class=\"wp-block-list\">\n<li>Promotion des <strong>actions de solidarit\u00e9<\/strong> (tutorat des lyc\u00e9ens vers les coll\u00e9giens, etc.).<\/li>\n<\/ul>\n\n\n\n<h3 class=\"wp-block-heading\"><strong>\ud83c\udf0d Notre R\u00f4le au Niveau National<\/strong><\/h3>\n\n\n\n<p>L\u2019APEL est membre de l\u2019<strong>Union Nationale des APEL<\/strong>, qui repr\u00e9sente <strong>plus de 800 000 familles<\/strong> et d\u00e9fend les int\u00e9r\u00eats des parents aupr\u00e8s des institutions \u00e9ducatives.<\/p>\n\n\n\n<h3 class=\"wp-block-heading\"><strong>\ud83d\udca1 Pourquoi Adh\u00e9rer ?<\/strong><\/h3>\n\n\n\n<p>\u2192 <strong>Soutenir les projets<\/strong> de l\u2019\u00e9tablissement. \u2192 B\u00e9n\u00e9ficier de <strong>services exclusifs<\/strong> :<\/p>\n\n\n\n<ul class=\"wp-block-list\">\n<li>Abonnement \u00e0 <em>Famille et \u00c9ducation<\/em> (revue bimestrielle).<\/li>\n\n\n\n<li><strong>APEL Service<\/strong> : conseils personnalis\u00e9s sur l\u2019orientation, les \u00e9tudes et les difficult\u00e9s rencontr\u00e9es par les jeunes.<\/li>\n\n\n\n<li>Acc\u00e8s \u00e0 un <strong>service d\u2019information et de conseil gratuit<\/strong> pour les familles.<\/li>\n<\/ul>\n\n\n\n<hr class=\"wp-block-separator has-alpha-channel-opacity\"\/>\n\n\n\n<p><em>\u00ab Ensemble, construisons l\u2019avenir de nos enfants. \u00bb<\/em> \ud83d\udc49 <strong>Rejoignez-nous<\/strong> pour vivre pleinement la vie de l\u2019\u00e9tablissement !<\/p>\n\n\n\n<div style=\"height:60px\" aria-hidden=\"true\" class=\"wp-block-spacer\"><\/div>\n","protected":false},"excerpt":{"rendered":"<p>APEL \ud83d\udc68\u200d\ud83d\udc69\u200d\ud83d\udc67\u200d\ud83d\udc66 L\u2019APEL \u2013 Des Parents Engag\u00e9s pour Vos Enfants \u00c0 Don Bosco Landser, l\u2019APEL (Association des Parents d\u2019\u00e9l\u00e8ves de [&hellip;]<\/p>\n","protected":false},"author":1,"featured_media":0,"parent":0,"menu_order":0,"comment_status":"closed","ping_status":"closed","template":"","meta":{"site-sidebar-layout":"default","site-content-layout":"","ast-site-content-layout":"default","site-content-style":"default","site-sidebar-style":"default","ast-global-header-display":"","ast-banner-title-visibility":"","ast-main-header-display":"","ast-hfb-above-header-display":"","ast-hfb-below-header-display":"","ast-hfb-mobile-header-display":"","site-post-title":"disabled","ast-breadcrumbs-content":"","ast-featured-img":"","footer-sml-layout":"","theme-transparent-header-meta":"","adv-header-id-meta":"","stick-header-meta":"","header-above-stick-meta":"","header-main-stick-meta":"","header-below-stick-meta":"","astra-migrate-meta-layouts":"set","ast-page-background-enabled":"default","ast-page-background-meta":{"desktop":{"background-color":"var(--ast-global-color-4)","background-image":"","background-repeat":"repeat","background-position":"center center","background-size":"auto","background-attachment":"scroll","background-type":"","background-media":"","overlay-type":"","overlay-color":"","overlay-opacity":"","overlay-gradient":""},"tablet":{"background-color":"","background-image":"","background-repeat":"repeat","background-position":"center center","background-size":"auto","background-attachment":"scroll","background-type":"","background-media":"","overlay-type":"","overlay-color":"","overlay-opacity":"","overlay-gradient":""},"mobile":{"background-color":"","background-image":"","background-repeat":"repeat","background-position":"center center","background-size":"auto","background-attachment":"scroll","background-type":"","background-media":"","overlay-type":"","overlay-color":"","overlay-opacity":"","overlay-gradient":""}},"ast-content-background-meta":{"desktop":{"background-color":"var(--ast-global-color-5)","background-image":"","background-repeat":"repeat","background-position":"center center","background-size":"auto","background-attachment":"scroll","background-type":"","background-media":"","overlay-type":"","overlay-color":"","overlay-opacity":"","overlay-gradient":""},"tablet":{"background-color":"var(--ast-global-color-5)","background-image":"","background-repeat":"repeat","background-position":"center center","background-size":"auto","background-attachment":"scroll","background-type":"","background-media":"","overlay-type":"","overlay-color":"","overlay-opacity":"","overlay-gradient":""},"mobile":{"background-color":"var(--ast-global-color-5)","background-image":"","background-repeat":"repeat","background-position":"center center","background-size":"auto","background-attachment":"scroll","background-type":"","background-media":"","overlay-type":"","overlay-color":"","overlay-opacity":"","overlay-gradient":""}},"footnotes":""},"class_list":["post-2337","page","type-page","status-publish","hentry"],"jetpack_sharing_enabled":true,"_links":{"self":[{"href":"https:\/\/www.donbosco-landser.net\/index.php?rest_route=\/wp\/v2\/pages\/2337","targetHints":{"allow":["GET"]}}],"collection":[{"href":"https:\/\/www.donbosco-landser.net\/index.php?rest_route=\/wp\/v2\/pages"}],"about":[{"href":"https:\/\/www.donbosco-landser.net\/index.php?rest_route=\/wp\/v2\/types\/page"}],"author":[{"embeddable":true,"href":"https:\/\/www.donbosco-landser.net\/index.php?rest_route=\/wp\/v2\/users\/1"}],"replies":[{"embeddable":true,"href":"https:\/\/www.donbosco-landser.net\/index.php?rest_route=%2Fwp%2Fv2%2Fcomments&post=2337"}],"version-history":[{"count":3,"href":"https:\/\/www.donbosco-landser.net\/index.php?rest_route=\/wp\/v2\/pages\/2337\/revisions"}],"predecessor-version":[{"id":2423,"href":"https:\/\/www.donbosco-landser.net\/index.php?rest_route=\/wp\/v2\/pages\/2337\/revisions\/2423"}],"wp:attachment":[{"href":"https:\/\/www.donbosco-landser.net\/index.php?rest_route=%2Fwp%2Fv2%2Fmedia&parent=2337"}],"curies":[{"name":"wp","href":"https:\/\/api.w.org\/{rel}","templated":true}]}}