{"id":2284,"date":"2025-06-05T15:28:38","date_gmt":"2025-06-05T13:28:38","guid":{"rendered":"http:\/\/localhost\/mon-site\/?page_id=2284"},"modified":"2025-08-21T11:50:49","modified_gmt":"2025-08-21T09:50:49","slug":"dual-diploma","status":"publish","type":"page","link":"https:\/\/www.donbosco-landser.net\/?page_id=2284","title":{"rendered":"Dual Diploma"},"content":{"rendered":"\n<div style=\"height:22px\" aria-hidden=\"true\" class=\"wp-block-spacer\"><\/div>\n\n\n\n<h2 class=\"wp-block-heading has-text-align-center\">Dual Diploma<\/h2>\n\n\n\n<div style=\"height:27px\" aria-hidden=\"true\" class=\"wp-block-spacer\"><\/div>\n\n\n\n<p><strong>\ud83c\udf0d Dual Diploma \u2013 Obtenez un Double Dipl\u00f4me Franco-Am\u00e9ricain<\/strong><\/p>\n\n\n\n<p>Avec le <strong>Dual Diploma<\/strong> propos\u00e9 par <strong>Academica<\/strong>, vos enfants vivent une <strong>exp\u00e9rience scolaire unique<\/strong>, alliant excellence acad\u00e9mique et ouverture internationale.<\/p>\n\n\n\n<h3 class=\"wp-block-heading\"><strong>\ud83d\udd39 Pourquoi choisir le Dual Diploma ?<\/strong><\/h3>\n\n\n\n<p>\u2192 <strong>\u00c9tudier comme aux \u00c9tats-Unis<\/strong> Une immersion totale dans le <strong>syst\u00e8me \u00e9ducatif am\u00e9ricain<\/strong>, avec des <strong>cours en anglais<\/strong> dispens\u00e9s par des professeurs am\u00e9ricains. Au programme : une <strong>large gamme de mati\u00e8res<\/strong> et des <strong>activit\u00e9s parascolaires<\/strong> (clubs) pour enrichir leur parcours.<\/p>\n\n\n\n<p>\u2192 <strong>Devenir parfaitement bilingue en anglais<\/strong> Ma\u00eetriser l\u2019anglais ouvre les portes \u00e0 <strong>des opportunit\u00e9s professionnelles et universitaires<\/strong> \u00e0 l\u2019international. Un atout majeur pour int\u00e9grer des <strong>\u00e9tablissements prestigieux<\/strong> en Europe, au Canada ou aux \u00c9tats-Unis.<\/p>\n\n\n\n<p>\u2192 <strong>Valoriser son dossier sur Parcoursup<\/strong> Gr\u00e2ce \u00e0 un <strong>accompagnement personnalis\u00e9<\/strong> (\u00ab College Counselling \u00bb), les \u00e9l\u00e8ves optimisent leurs chances d\u2019int\u00e9grer des <strong>grandes \u00e9coles et universit\u00e9s<\/strong> (HEC, Sciences Po Paris, Panth\u00e9on-Assas, ESSEC, McGill, Columbia University, etc.).<\/p>\n\n\n\n<p>\u2192 <strong>Gagner en maturit\u00e9 et en responsabilit\u00e9<\/strong> Une <strong>p\u00e9dagogie encourageante<\/strong> qui favorise l\u2019<strong>autonomie<\/strong>, la <strong>confiance en soi<\/strong> et des <strong>comp\u00e9tences cl\u00e9s<\/strong> pour r\u00e9ussir demain.<\/p>\n\n\n\n<hr class=\"wp-block-separator has-alpha-channel-opacity\"\/>\n\n\n\n<p><em>\u00ab Un double dipl\u00f4me, deux fois plus d\u2019opportunit\u00e9s ! \u00bb<\/em> \ud83d\udca1 <strong>Int\u00e9ress\u00e9(e) ?<\/strong> Renseignez-vous d\u00e8s maintenant pour offrir \u00e0 votre enfant un <strong>avenir sans fronti\u00e8res<\/strong> ! \ud83d\ude80<\/p>\n\n\n\n<div class=\"wp-block-group is-nowrap is-layout-flex wp-container-core-group-is-layout-6c531013 wp-block-group-is-layout-flex\">\n<figure class=\"wp-block-image size-full is-resized\"><img loading=\"lazy\" decoding=\"async\" width=\"1000\" height=\"1000\" src=\"https:\/\/www.donbosco-landser.net\/wp-content\/uploads\/2025\/08\/dd-logo-carre-vert.png\" alt=\"\" class=\"wp-image-2456\" style=\"width:196px;height:auto\"\/><\/figure>\n\n\n\n<p>Lien Dual Diploma : <a href=\"https:\/\/dualdiploma.org\/\">https:\/\/dualdiploma.org\/<\/a><\/p>\n<\/div>\n\n\n\n<div style=\"height:37px\" aria-hidden=\"true\" class=\"wp-block-spacer\"><\/div>\n","protected":false},"excerpt":{"rendered":"<p>Dual Diploma \ud83c\udf0d Dual Diploma \u2013 Obtenez un Double Dipl\u00f4me Franco-Am\u00e9ricain Avec le Dual Diploma propos\u00e9 par Academica, vos enfants [&hellip;]<\/p>\n","protected":false},"author":1,"featured_media":0,"parent":0,"menu_order":0,"comment_status":"closed","ping_status":"closed","template":"","meta":{"site-sidebar-layout":"default","site-content-layout":"","ast-site-content-layout":"default","site-content-style":"default","site-sidebar-style":"default","ast-global-header-display":"","ast-banner-title-visibility":"","ast-main-header-display":"","ast-hfb-above-header-display":"","ast-hfb-below-header-display":"","ast-hfb-mobile-header-display":"","site-post-title":"disabled","ast-breadcrumbs-content":"","ast-featured-img":"","footer-sml-layout":"","theme-transparent-header-meta":"","adv-header-id-meta":"","stick-header-meta":"","header-above-stick-meta":"","header-main-stick-meta":"","header-below-stick-meta":"","astra-migrate-meta-layouts":"set","ast-page-background-enabled":"default","ast-page-background-meta":{"desktop":{"background-color":"var(--ast-global-color-4)","background-image":"","background-repeat":"repeat","background-position":"center center","background-size":"auto","background-attachment":"scroll","background-type":"","background-media":"","overlay-type":"","overlay-color":"","overlay-opacity":"","overlay-gradient":""},"tablet":{"background-color":"","background-image":"","background-repeat":"repeat","background-position":"center center","background-size":"auto","background-attachment":"scroll","background-type":"","background-media":"","overlay-type":"","overlay-color":"","overlay-opacity":"","overlay-gradient":""},"mobile":{"background-color":"","background-image":"","background-repeat":"repeat","background-position":"center center","background-size":"auto","background-attachment":"scroll","background-type":"","background-media":"","overlay-type":"","overlay-color":"","overlay-opacity":"","overlay-gradient":""}},"ast-content-background-meta":{"desktop":{"background-color":"var(--ast-global-color-5)","background-image":"","background-repeat":"repeat","background-position":"center center","background-size":"auto","background-attachment":"scroll","background-type":"","background-media":"","overlay-type":"","overlay-color":"","overlay-opacity":"","overlay-gradient":""},"tablet":{"background-color":"var(--ast-global-color-5)","background-image":"","background-repeat":"repeat","background-position":"center center","background-size":"auto","background-attachment":"scroll","background-type":"","background-media":"","overlay-type":"","overlay-color":"","overlay-opacity":"","overlay-gradient":""},"mobile":{"background-color":"var(--ast-global-color-5)","background-image":"","background-repeat":"repeat","background-position":"center center","background-size":"auto","background-attachment":"scroll","background-type":"","background-media":"","overlay-type":"","overlay-color":"","overlay-opacity":"","overlay-gradient":""}},"footnotes":""},"class_list":["post-2284","page","type-page","status-publish","hentry"],"jetpack_sharing_enabled":true,"_links":{"self":[{"href":"https:\/\/www.donbosco-landser.net\/index.php?rest_route=\/wp\/v2\/pages\/2284","targetHints":{"allow":["GET"]}}],"collection":[{"href":"https:\/\/www.donbosco-landser.net\/index.php?rest_route=\/wp\/v2\/pages"}],"about":[{"href":"https:\/\/www.donbosco-landser.net\/index.php?rest_route=\/wp\/v2\/types\/page"}],"author":[{"embeddable":true,"href":"https:\/\/www.donbosco-landser.net\/index.php?rest_route=\/wp\/v2\/users\/1"}],"replies":[{"embeddable":true,"href":"https:\/\/www.donbosco-landser.net\/index.php?rest_route=%2Fwp%2Fv2%2Fcomments&post=2284"}],"version-history":[{"count":4,"href":"https:\/\/www.donbosco-landser.net\/index.php?rest_route=\/wp\/v2\/pages\/2284\/revisions"}],"predecessor-version":[{"id":2537,"href":"https:\/\/www.donbosco-landser.net\/index.php?rest_route=\/wp\/v2\/pages\/2284\/revisions\/2537"}],"wp:attachment":[{"href":"https:\/\/www.donbosco-landser.net\/index.php?rest_route=%2Fwp%2Fv2%2Fmedia&parent=2284"}],"curies":[{"name":"wp","href":"https:\/\/api.w.org\/{rel}","templated":true}]}}