{"id":2188,"date":"2025-06-05T14:02:56","date_gmt":"2025-06-05T12:02:56","guid":{"rendered":"http:\/\/localhost\/mon-site\/?page_id=2188"},"modified":"2025-08-21T13:59:06","modified_gmt":"2025-08-21T11:59:06","slug":"preparation-rentree-listes","status":"publish","type":"page","link":"https:\/\/www.donbosco-landser.net\/?page_id=2188","title":{"rendered":"Pr\u00e9paration rentr\u00e9e (Listes)"},"content":{"rendered":"\n<div style=\"height:57px\" aria-hidden=\"true\" class=\"wp-block-spacer\"><\/div>\n\n\n\n<h2 class=\"wp-block-heading has-text-align-center\">Pr\u00e9paration rentr\u00e9e (Listes)<\/h2>\n\n\n\n<div style=\"height:49px\" aria-hidden=\"true\" class=\"wp-block-spacer\"><\/div>\n\n\n\n<p><strong>Fournitures Scolaires<\/strong><\/p>\n\n\n\n<p>Sur cette page, vous trouverez les <strong>listes officielles de fournitures<\/strong> pour la rentr\u00e9e scolaire, adapt\u00e9es \u00e0 chaque niveau d\u2019enseignement au sein de notre \u00e9tablissement :<\/p>\n\n\n\n<ul class=\"wp-block-list\">\n<li><strong>Liste pour le coll\u00e8ge<\/strong> : Retrouvez l\u2019ensemble des fournitures n\u00e9cessaires pour les \u00e9l\u00e8ves de la 7\u1d49 \u00e0 la 3\u1d49, class\u00e9es par classe et par mati\u00e8re.<\/li>\n\n\n\n<li><strong>Liste pour le lyc\u00e9e<\/strong> : D\u00e9couvrez les fournitures recommand\u00e9es pour les \u00e9l\u00e8ves de la 2nde \u00e0 la Terminale, incluant les sp\u00e9cificit\u00e9s par fili\u00e8re (g\u00e9n\u00e9rale, technologique ou professionnelle).<\/li>\n\n\n\n<li><strong>Liste pour les calculatrices (lyc\u00e9e)<\/strong>  : Consultez les mod\u00e8les de calculatrices autoris\u00e9s et recommand\u00e9s pour les \u00e9preuves du baccalaur\u00e9at et le travail quotidien en classe. <\/li>\n<\/ul>\n\n\n\n<div class=\"wp-block-buttons is-content-justification-center is-layout-flex wp-container-core-buttons-is-layout-a89b3969 wp-block-buttons-is-layout-flex\">\n<div class=\"wp-block-button\"><a class=\"wp-block-button__link wp-element-button\" href=\"https:\/\/www.donbosco-landser.net\/wp-content\/uploads\/2025\/08\/Liste-materiel-Eleve-College-25-26.pdf\" target=\"_blank\" rel=\"noreferrer noopener\">Liste Fournitures Coll\u00e8ge<\/a><\/div>\n\n\n\n<div class=\"wp-block-button\"><a class=\"wp-block-button__link wp-element-button\" href=\"https:\/\/www.donbosco-landser.net\/wp-content\/uploads\/2025\/08\/Liste-de-materiel-lycee-2025.pdf\" target=\"_blank\" rel=\"noreferrer noopener\">Liste Fournitures Lyc\u00e9e<\/a><\/div>\n\n\n\n<div class=\"wp-block-button\"><a class=\"wp-block-button__link wp-element-button\" href=\"https:\/\/www.donbosco-landser.net\/wp-content\/uploads\/2025\/08\/Calculatrice-Lycee-2025.pdf\" target=\"_blank\" rel=\"noreferrer noopener\">Liste Calculatrice Lyc\u00e9e<\/a><\/div>\n<\/div>\n\n\n\n<p>Ces listes sont \u00e9labor\u00e9es par nos \u00e9quipes p\u00e9dagogiques pour vous garantir une pr\u00e9paration optimale et \u00e9viter les achats inutiles. Pensez \u00e0 v\u00e9rifier r\u00e9guli\u00e8rement cette page pour d\u2019\u00e9ventuelles mises \u00e0 jour.<\/p>\n\n\n\n<p>Pour toute question, n\u2019h\u00e9sitez pas \u00e0 contacter le secr\u00e9tariat de l\u2019\u00e9tablissement.<\/p>\n\n\n\n<div style=\"height:37px\" aria-hidden=\"true\" class=\"wp-block-spacer\"><\/div>\n","protected":false},"excerpt":{"rendered":"<p>Pr\u00e9paration rentr\u00e9e (Listes) Fournitures Scolaires Sur cette page, vous trouverez les listes officielles de fournitures pour la rentr\u00e9e scolaire, adapt\u00e9es [&hellip;]<\/p>\n","protected":false},"author":1,"featured_media":0,"parent":0,"menu_order":0,"comment_status":"closed","ping_status":"closed","template":"","meta":{"site-sidebar-layout":"default","site-content-layout":"","ast-site-content-layout":"default","site-content-style":"default","site-sidebar-style":"default","ast-global-header-display":"","ast-banner-title-visibility":"","ast-main-header-display":"","ast-hfb-above-header-display":"","ast-hfb-below-header-display":"","ast-hfb-mobile-header-display":"","site-post-title":"disabled","ast-breadcrumbs-content":"","ast-featured-img":"","footer-sml-layout":"","theme-transparent-header-meta":"","adv-header-id-meta":"","stick-header-meta":"","header-above-stick-meta":"","header-main-stick-meta":"","header-below-stick-meta":"","astra-migrate-meta-layouts":"set","ast-page-background-enabled":"default","ast-page-background-meta":{"desktop":{"background-color":"var(--ast-global-color-4)","background-image":"","background-repeat":"repeat","background-position":"center center","background-size":"auto","background-attachment":"scroll","background-type":"","background-media":"","overlay-type":"","overlay-color":"","overlay-opacity":"","overlay-gradient":""},"tablet":{"background-color":"","background-image":"","background-repeat":"repeat","background-position":"center center","background-size":"auto","background-attachment":"scroll","background-type":"","background-media":"","overlay-type":"","overlay-color":"","overlay-opacity":"","overlay-gradient":""},"mobile":{"background-color":"","background-image":"","background-repeat":"repeat","background-position":"center center","background-size":"auto","background-attachment":"scroll","background-type":"","background-media":"","overlay-type":"","overlay-color":"","overlay-opacity":"","overlay-gradient":""}},"ast-content-background-meta":{"desktop":{"background-color":"var(--ast-global-color-5)","background-image":"","background-repeat":"repeat","background-position":"center center","background-size":"auto","background-attachment":"scroll","background-type":"","background-media":"","overlay-type":"","overlay-color":"","overlay-opacity":"","overlay-gradient":""},"tablet":{"background-color":"var(--ast-global-color-5)","background-image":"","background-repeat":"repeat","background-position":"center center","background-size":"auto","background-attachment":"scroll","background-type":"","background-media":"","overlay-type":"","overlay-color":"","overlay-opacity":"","overlay-gradient":""},"mobile":{"background-color":"var(--ast-global-color-5)","background-image":"","background-repeat":"repeat","background-position":"center center","background-size":"auto","background-attachment":"scroll","background-type":"","background-media":"","overlay-type":"","overlay-color":"","overlay-opacity":"","overlay-gradient":""}},"footnotes":""},"class_list":["post-2188","page","type-page","status-publish","hentry"],"jetpack_sharing_enabled":true,"_links":{"self":[{"href":"https:\/\/www.donbosco-landser.net\/index.php?rest_route=\/wp\/v2\/pages\/2188","targetHints":{"allow":["GET"]}}],"collection":[{"href":"https:\/\/www.donbosco-landser.net\/index.php?rest_route=\/wp\/v2\/pages"}],"about":[{"href":"https:\/\/www.donbosco-landser.net\/index.php?rest_route=\/wp\/v2\/types\/page"}],"author":[{"embeddable":true,"href":"https:\/\/www.donbosco-landser.net\/index.php?rest_route=\/wp\/v2\/users\/1"}],"replies":[{"embeddable":true,"href":"https:\/\/www.donbosco-landser.net\/index.php?rest_route=%2Fwp%2Fv2%2Fcomments&post=2188"}],"version-history":[{"count":7,"href":"https:\/\/www.donbosco-landser.net\/index.php?rest_route=\/wp\/v2\/pages\/2188\/revisions"}],"predecessor-version":[{"id":2585,"href":"https:\/\/www.donbosco-landser.net\/index.php?rest_route=\/wp\/v2\/pages\/2188\/revisions\/2585"}],"wp:attachment":[{"href":"https:\/\/www.donbosco-landser.net\/index.php?rest_route=%2Fwp%2Fv2%2Fmedia&parent=2188"}],"curies":[{"name":"wp","href":"https:\/\/api.w.org\/{rel}","templated":true}]}}