{"id":1740,"date":"2025-01-15T10:07:10","date_gmt":"2025-01-15T09:07:10","guid":{"rendered":"http:\/\/localhost\/mon-site\/?page_id=1740"},"modified":"2025-06-12T13:33:37","modified_gmt":"2025-06-12T11:33:37","slug":"2nde","status":"publish","type":"page","link":"https:\/\/www.donbosco-landser.net\/?page_id=1740","title":{"rendered":"Pr\u00e9sentation du Niveau &#8211; Mati\u00e8res 2nde 2"},"content":{"rendered":"\n<div style=\"height:64px\" aria-hidden=\"true\" class=\"wp-block-spacer\"><\/div>\n\n\n\n<h2 class=\"wp-block-heading has-text-align-center\">Pr\u00e9sentation du Niveau &#8211; Mati\u00e8res 2nde<\/h2>\n\n\n\n<div style=\"height:64px\" aria-hidden=\"true\" class=\"wp-block-spacer\"><\/div>\n\n\n\n<p>La classe de seconde marque l\u2019entr\u00e9e au lyc\u00e9e, une nouvelle \u00e9tape d\u2019autonomie et de responsabilit\u00e9 pour les \u00e9l\u00e8ves. Ils participent \u00e0 une sortie de d\u00e9but d\u2019ann\u00e9e, qui aide \u00e0 souder les \u00e9l\u00e8ves et \u00e0 les motiver pour cette nouvelle phase de leur parcours acad\u00e9mique. Les \u00e9l\u00e8ves peuvent aussi choisir des options comme \u201cAllemand Triregio\u201d et \u201cAnglais+\u201d, pour d\u00e9velopper leurs comp\u00e9tences linguistiques. Des s\u00e9ances d\u2019orientation sont \u00e9galement pr\u00e9vues, ainsi qu\u2019une Matin\u00e9e des anciens.<\/p>\n\n\n\n<p><strong><em>Sortie de d\u00e9but d\u2019ann\u00e9e<\/em><\/strong><\/p>\n\n\n\n<p>L\u2019ann\u00e9e de seconde d\u00e9bute par une sortie de d\u00e9but d\u2019ann\u00e9e alliant la marche aux jeux. Les \u00e9leves commenceront par une marche \u00e0 l&rsquo;\u0153il de la sorci\u00e8re, suivie d&rsquo;une sortie conviviale au bowling, cette journ\u00e9e promet des moments de coh\u00e9sion de d\u00e9tente et de socialisation, renfor\u00e7ant ainsi les liens au sein de la classe. Les \u00e9l\u00e8ves seront encadr\u00e9s par des parents d\u2019\u00e9l\u00e8ves volontaires et de professeurs de seconde pour garantir la s\u00e9curit\u00e9 et le bon d\u00e9roulement de la sortie.<\/p>\n\n\n\n<p><strong><em>Euro allemand<\/em><\/strong><\/p>\n\n\n\n<p>Le niveau seconde offre l\u2019opportunit\u00e9 aux \u00e9l\u00e8ves de faire partie d\u2019une classe europ\u00e9enne sp\u00e9cialis\u00e9e en allemand. Cette option permet \u00e0 l\u2019\u00e9l\u00e8ve de seconde une immersion linguistique et culturelle du monde germanophone. Avec des cours dynamiques et des projets stimulants o\u00f9 l\u2019allemand combin\u00e9 \u00e0 d\u2019autre cours devient plus qu\u2019une mati\u00e8re.<\/p>\n\n\n\n<p><strong><em>Anglais +<\/em><\/strong><\/p>\n\n\n\n<p>Le parcours anglais + est un projet d\u2019approfondissement de la langue et de la culture anglophone. Projet et mis en place en 2023 a suscit\u00e9 beaucoup d\u2019enthousiasme aupr\u00e8s des \u00e9l\u00e8ves de seconde et a \u00e9t\u00e9 un succ\u00e8s. Il ne s\u2019agit pas d\u2019une classe europ\u00e9enne au m\u00eame titre que celle sp\u00e9cialis\u00e9 en allemand mais d\u2019une option pour les \u00e9l\u00e8ves de seconde qui souhaite approfondir leur connaissance du monde anglophone.<\/p>\n\n\n\n<p><strong><em>Dual dipl\u00f4ma<\/em><\/strong><\/p>\n\n\n\n<p>Don Bosco Landser d\u00e9veloppe la dimension internationale de son projet \u00e9ducatif.<\/p>\n\n\n\n<p>Academica Dual Diploma\u2122 permet aux \u00e9l\u00e8ves de [Nom de votre \u00e9tablissement] de suivre un double cursus dipl\u00f4mant d\u00e8s l\u2019entr\u00e9e en troisi\u00e8me ou en seconde. Le but est d\u2019obtenir le High School Diploma am\u00e9ricain en parall\u00e8le du Baccalaur\u00e9at fran\u00e7ais. Les \u00e9l\u00e8ves \u00e9tudient en pr\u00e9sentiel \u00e0 [Nom de votre \u00e9tablissement] et en distanciel dans une High School am\u00e9ricaine du r\u00e9seau d\u2019\u00e9coles charter Academica bas\u00e9 en Floride.<\/p>\n\n\n\n<p>A l\u2019issue de leur Terminale, les \u00e9l\u00e8ves de Don Bosco obtiennent 2 dipl\u00f4mes distincts, homologu\u00e9s par leurs instances respectives, le Minist\u00e8re de l\u2019Education Fran\u00e7aise et le D\u00e9partement d\u2019Education de l\u2019Etat de Tutelle aux Etats-Unis. Gr\u00e2ce aux accords binationaux conclus par Academica, les bulletins de notes officiels de la scolarit\u00e9 fran\u00e7aise permettent de valider 18 des 24 cr\u00e9dits du High School Diploma.<\/p>\n\n\n\n<p>Pour valider leur dipl\u00f4me am\u00e9ricain, les \u00e9l\u00e8ves de Don Bosco ont 6 cr\u00e9dits \u00e0 passer avec Academica International Studies. Le programme est compos\u00e9 de 4 mati\u00e8res obligatoires et 2 mati\u00e8res optionnelles dites \u00ab&nbsp;Electives&nbsp;\u00bb.<\/p>\n\n\n\n<p>Au cours de leur double cursus, les \u00e9l\u00e8ves de [Nom de votre \u00e9tablissement] acqui\u00e8rent de nombreuses comp\u00e9tences : autonomie, bilinguisme, capacit\u00e9 de travail . . . A la fin de ce cursus novateur, accompagn\u00e9s par leurs professeurs am\u00e9ricains, ils re\u00e7oivent le m\u00eame dipl\u00f4me que les \u00e9l\u00e8ves am\u00e9ricains \u00e0 la fin de leur High School.<\/p>\n\n\n\n<figure class=\"wp-block-image aligncenter size-full is-resized\"><img loading=\"lazy\" decoding=\"async\" width=\"1100\" height=\"535\" src=\"https:\/\/www.donbosco-landser.net\/wp-content\/uploads\/2025\/04\/ais-3.4.2.authorized-center-sign.jpg\" alt=\"\" class=\"wp-image-2051\" style=\"width:598px;height:auto\"\/><\/figure>\n\n\n\n<p><strong><em>Matin\u00e9e des anciens<\/em><\/strong><\/p>\n\n\n\n<p>La matin\u00e9e des anciens a \u00e9t\u00e9 mise en place par l\u2019\u00e9tablissement pour aider les \u00e9l\u00e8ves par rapport \u00e0 leur orientation. Organis\u00e9e au sien de notre \u00e9tablissement, les \u00e9l\u00e8ves auront l\u2019occasion d\u2019\u00e9changer avec des anciens sur leurs exp\u00e9riences, leurs parcours professionnels et leurs choix d&rsquo;orientation. Dans une ambiance conviviale et inspirante, cette rencontre d&rsquo;une matin\u00e9e offre des perspectives uniques en ce qui concerne l\u2019orientation des jeunes \u00e9l\u00e8ves.<\/p>\n\n\n\n<div class=\"wp-block-group is-nowrap is-layout-flex wp-container-core-group-is-layout-6c531013 wp-block-group-is-layout-flex\">\n<figure class=\"wp-block-image size-full is-resized\"><img loading=\"lazy\" decoding=\"async\" width=\"6000\" height=\"4000\" src=\"https:\/\/www.donbosco-landser.net\/wp-content\/uploads\/2025\/04\/DSC_0988.jpg\" alt=\"\" class=\"wp-image-2057\" style=\"width:409px;height:auto\"\/><\/figure>\n\n\n\n<figure class=\"wp-block-image size-full is-resized\"><img loading=\"lazy\" decoding=\"async\" width=\"6000\" height=\"4000\" src=\"https:\/\/www.donbosco-landser.net\/wp-content\/uploads\/2025\/04\/DSC_1020.jpg\" alt=\"\" class=\"wp-image-2054\" style=\"width:410px;height:auto\"\/><\/figure>\n\n\n\n<figure class=\"wp-block-image size-full is-resized\"><img loading=\"lazy\" decoding=\"async\" width=\"6000\" height=\"4000\" src=\"https:\/\/www.donbosco-landser.net\/wp-content\/uploads\/2025\/04\/DSC_0998.jpg\" alt=\"\" class=\"wp-image-2056\" style=\"width:411px;height:auto\"\/><\/figure>\n<\/div>\n\n\n\n<p><strong><em>Journ\u00e9e aux JU&nbsp;<\/em><\/strong><\/p>\n\n\n\n<p>Don Bosco permet \u00e9galement aux \u00e9l\u00e8ves de se rendre aux JU, aux journ\u00e9es universitaires de Strasbourg en bus, toutes les classes de secondes comprises. Les Journ\u00e9es Universitaires (JU) sont des \u00e9v\u00e9nements o\u00f9 les lyc\u00e9ens rencontre des \u00e9tudiants pour \u00e9changer sur les programmes d&rsquo;\u00e9tudes, la vie \u00e9tudiante et les d\u00e9bouch\u00e9s professionnels, les aidant ainsi dans leur choix d&rsquo;orientation acad\u00e9mique et professionnelle.<\/p>\n\n\n\n<p><strong><em>Triplettes<\/em><\/strong><\/p>\n\n\n\n<p>Les \u00e9l\u00e8ves de seconde sont amen\u00e9s \u00e0 choisir leur triplette pour leur future ann\u00e9e de premi\u00e8re. Dans le syst\u00e8me des triplettes de mati\u00e8res, les \u00e9l\u00e8ves de seconde choisissent trois mati\u00e8res principales sur lesquelles se concentrer tout au long de l&rsquo;ann\u00e9e de premi\u00e8re. Ces triplettes peuvent varier en fonction des pr\u00e9f\u00e9rences et des int\u00e9r\u00eats des \u00e9l\u00e8ves, ainsi que des recommandations p\u00e9dagogiques de l&rsquo;\u00e9cole, ainsi don bosco propose une liste de triplette d\u00e9finie mais pouvant varier en fonction des v\u0153ux et aspirations des \u00e9l\u00e8ves. Ce choix strat\u00e9gique permet aux \u00e9l\u00e8ves de se sp\u00e9cialiser dans des domaines qui correspondent \u00e0 leurs aspirations acad\u00e9miques et professionnelles.<\/p>\n\n\n\n<div style=\"height:64px\" aria-hidden=\"true\" class=\"wp-block-spacer\"><\/div>\n\n\n\n<p><\/p>\n","protected":false},"excerpt":{"rendered":"<p>Pr\u00e9sentation du Niveau &#8211; Mati\u00e8res 2nde La classe de seconde marque l\u2019entr\u00e9e au lyc\u00e9e, une nouvelle \u00e9tape d\u2019autonomie et de [&hellip;]<\/p>\n","protected":false},"author":1,"featured_media":0,"parent":1747,"menu_order":0,"comment_status":"closed","ping_status":"closed","template":"","meta":{"site-sidebar-layout":"default","site-content-layout":"","ast-site-content-layout":"default","site-content-style":"default","site-sidebar-style":"default","ast-global-header-display":"","ast-banner-title-visibility":"","ast-main-header-display":"","ast-hfb-above-header-display":"","ast-hfb-below-header-display":"","ast-hfb-mobile-header-display":"","site-post-title":"disabled","ast-breadcrumbs-content":"","ast-featured-img":"","footer-sml-layout":"","theme-transparent-header-meta":"","adv-header-id-meta":"","stick-header-meta":"","header-above-stick-meta":"","header-main-stick-meta":"","header-below-stick-meta":"","astra-migrate-meta-layouts":"set","ast-page-background-enabled":"default","ast-page-background-meta":{"desktop":{"background-color":"var(--ast-global-color-4)","background-image":"","background-repeat":"repeat","background-position":"center center","background-size":"auto","background-attachment":"scroll","background-type":"","background-media":"","overlay-type":"","overlay-color":"","overlay-opacity":"","overlay-gradient":""},"tablet":{"background-color":"","background-image":"","background-repeat":"repeat","background-position":"center center","background-size":"auto","background-attachment":"scroll","background-type":"","background-media":"","overlay-type":"","overlay-color":"","overlay-opacity":"","overlay-gradient":""},"mobile":{"background-color":"","background-image":"","background-repeat":"repeat","background-position":"center center","background-size":"auto","background-attachment":"scroll","background-type":"","background-media":"","overlay-type":"","overlay-color":"","overlay-opacity":"","overlay-gradient":""}},"ast-content-background-meta":{"desktop":{"background-color":"var(--ast-global-color-5)","background-image":"","background-repeat":"repeat","background-position":"center center","background-size":"auto","background-attachment":"scroll","background-type":"","background-media":"","overlay-type":"","overlay-color":"","overlay-opacity":"","overlay-gradient":""},"tablet":{"background-color":"var(--ast-global-color-5)","background-image":"","background-repeat":"repeat","background-position":"center center","background-size":"auto","background-attachment":"scroll","background-type":"","background-media":"","overlay-type":"","overlay-color":"","overlay-opacity":"","overlay-gradient":""},"mobile":{"background-color":"var(--ast-global-color-5)","background-image":"","background-repeat":"repeat","background-position":"center center","background-size":"auto","background-attachment":"scroll","background-type":"","background-media":"","overlay-type":"","overlay-color":"","overlay-opacity":"","overlay-gradient":""}},"footnotes":""},"class_list":["post-1740","page","type-page","status-publish","hentry"],"jetpack_sharing_enabled":true,"_links":{"self":[{"href":"https:\/\/www.donbosco-landser.net\/index.php?rest_route=\/wp\/v2\/pages\/1740","targetHints":{"allow":["GET"]}}],"collection":[{"href":"https:\/\/www.donbosco-landser.net\/index.php?rest_route=\/wp\/v2\/pages"}],"about":[{"href":"https:\/\/www.donbosco-landser.net\/index.php?rest_route=\/wp\/v2\/types\/page"}],"author":[{"embeddable":true,"href":"https:\/\/www.donbosco-landser.net\/index.php?rest_route=\/wp\/v2\/users\/1"}],"replies":[{"embeddable":true,"href":"https:\/\/www.donbosco-landser.net\/index.php?rest_route=%2Fwp%2Fv2%2Fcomments&post=1740"}],"version-history":[{"count":10,"href":"https:\/\/www.donbosco-landser.net\/index.php?rest_route=\/wp\/v2\/pages\/1740\/revisions"}],"predecessor-version":[{"id":2343,"href":"https:\/\/www.donbosco-landser.net\/index.php?rest_route=\/wp\/v2\/pages\/1740\/revisions\/2343"}],"up":[{"embeddable":true,"href":"https:\/\/www.donbosco-landser.net\/index.php?rest_route=\/wp\/v2\/pages\/1747"}],"wp:attachment":[{"href":"https:\/\/www.donbosco-landser.net\/index.php?rest_route=%2Fwp%2Fv2%2Fmedia&parent=1740"}],"curies":[{"name":"wp","href":"https:\/\/api.w.org\/{rel}","templated":true}]}}