{"id":1696,"date":"2025-01-15T09:49:42","date_gmt":"2025-01-15T08:49:42","guid":{"rendered":"http:\/\/localhost\/mon-site\/?page_id=1696"},"modified":"2025-08-19T14:45:07","modified_gmt":"2025-08-19T12:45:07","slug":"chefs-de-bus","status":"publish","type":"page","link":"https:\/\/www.donbosco-landser.net\/?page_id=1696","title":{"rendered":"Chefs de bus"},"content":{"rendered":"\n<div style=\"height:37px\" aria-hidden=\"true\" class=\"wp-block-spacer\"><\/div>\n\n\n\n<h2 class=\"wp-block-heading has-text-align-center\">Chefs de Bus<\/h2>\n\n\n\n<div style=\"height:37px\" aria-hidden=\"true\" class=\"wp-block-spacer\"><\/div>\n\n\n\n<p>Pendant les <strong>trajets scolaires<\/strong>, les <strong>chefs de bus<\/strong> repr\u00e9sentent l\u2019autorit\u00e9 du directeur. Leur mission ? <strong>Veiller au bon d\u00e9roulement des trajets<\/strong> et assurer la s\u00e9curit\u00e9 de tous les \u00e9l\u00e8ves \u00e0 bord.<\/p>\n\n\n\n<p>\ud83d\udd39 <strong>Leur r\u00f4le en d\u00e9tail :<\/strong> \u2714 <strong>Maintenir l\u2019ordre et le respect<\/strong> dans le bus pour des trajets sereins. \u2714 <strong>Informer en temps r\u00e9el<\/strong> en cas de <strong>perturbations<\/strong> (m\u00e9t\u00e9o, retards, suppressions de lignes, etc.). \u2714 <strong>Faire le lien<\/strong> entre les \u00e9l\u00e8ves, les conducteurs et l\u2019\u00e9tablissement pour r\u00e9soudre rapidement les \u00e9ventuels probl\u00e8mes.<\/p>\n\n\n\n<p>\ud83d\udce2 <strong>Un r\u00f4le cl\u00e9 pour les \u00e9l\u00e8ves du lyc\u00e9e<\/strong> : Si tu es parmi les <strong>premiers arr\u00eats le matin<\/strong>, les chefs de bus sont tes <strong>r\u00e9f\u00e9rents directs<\/strong> pour toute question ou urgence li\u00e9e au transport. N\u2019h\u00e9site pas \u00e0 te tourner vers eux en cas de besoin !<\/p>\n\n\n\n<p>\ud83d\udca1 <strong>\u00c0 retenir<\/strong> :<\/p>\n\n\n\n<ul class=\"wp-block-list\">\n<li><strong>\u00c9coute leurs consignes<\/strong> pour des trajets fluides et s\u00e9curis\u00e9s.<\/li>\n\n\n\n<li><strong>Signale-leur<\/strong> toute difficult\u00e9 (retard, incident, etc.) \u2013 ils sont l\u00e0 pour t\u2019aider.<\/li>\n<\/ul>\n\n\n\n<p>\ud83d\ude8c <strong>Ensemble, faisons des trajets scolaires un moment agr\u00e9able et organis\u00e9 !<\/strong><\/p>\n\n\n\n<div style=\"height:49px\" aria-hidden=\"true\" class=\"wp-block-spacer\"><\/div>\n","protected":false},"excerpt":{"rendered":"<p>Chefs de Bus Pendant les trajets scolaires, les chefs de bus repr\u00e9sentent l\u2019autorit\u00e9 du directeur. Leur mission ? Veiller au [&hellip;]<\/p>\n","protected":false},"author":1,"featured_media":0,"parent":1676,"menu_order":0,"comment_status":"closed","ping_status":"closed","template":"","meta":{"site-sidebar-layout":"default","site-content-layout":"","ast-site-content-layout":"default","site-content-style":"default","site-sidebar-style":"default","ast-global-header-display":"","ast-banner-title-visibility":"","ast-main-header-display":"","ast-hfb-above-header-display":"","ast-hfb-below-header-display":"","ast-hfb-mobile-header-display":"","site-post-title":"disabled","ast-breadcrumbs-content":"","ast-featured-img":"","footer-sml-layout":"","theme-transparent-header-meta":"","adv-header-id-meta":"","stick-header-meta":"","header-above-stick-meta":"","header-main-stick-meta":"","header-below-stick-meta":"","astra-migrate-meta-layouts":"set","ast-page-background-enabled":"default","ast-page-background-meta":{"desktop":{"background-color":"var(--ast-global-color-4)","background-image":"","background-repeat":"repeat","background-position":"center center","background-size":"auto","background-attachment":"scroll","background-type":"","background-media":"","overlay-type":"","overlay-color":"","overlay-opacity":"","overlay-gradient":""},"tablet":{"background-color":"","background-image":"","background-repeat":"repeat","background-position":"center center","background-size":"auto","background-attachment":"scroll","background-type":"","background-media":"","overlay-type":"","overlay-color":"","overlay-opacity":"","overlay-gradient":""},"mobile":{"background-color":"","background-image":"","background-repeat":"repeat","background-position":"center center","background-size":"auto","background-attachment":"scroll","background-type":"","background-media":"","overlay-type":"","overlay-color":"","overlay-opacity":"","overlay-gradient":""}},"ast-content-background-meta":{"desktop":{"background-color":"var(--ast-global-color-5)","background-image":"","background-repeat":"repeat","background-position":"center center","background-size":"auto","background-attachment":"scroll","background-type":"","background-media":"","overlay-type":"","overlay-color":"","overlay-opacity":"","overlay-gradient":""},"tablet":{"background-color":"var(--ast-global-color-5)","background-image":"","background-repeat":"repeat","background-position":"center center","background-size":"auto","background-attachment":"scroll","background-type":"","background-media":"","overlay-type":"","overlay-color":"","overlay-opacity":"","overlay-gradient":""},"mobile":{"background-color":"var(--ast-global-color-5)","background-image":"","background-repeat":"repeat","background-position":"center center","background-size":"auto","background-attachment":"scroll","background-type":"","background-media":"","overlay-type":"","overlay-color":"","overlay-opacity":"","overlay-gradient":""}},"footnotes":""},"class_list":["post-1696","page","type-page","status-publish","hentry"],"jetpack_sharing_enabled":true,"_links":{"self":[{"href":"https:\/\/www.donbosco-landser.net\/index.php?rest_route=\/wp\/v2\/pages\/1696","targetHints":{"allow":["GET"]}}],"collection":[{"href":"https:\/\/www.donbosco-landser.net\/index.php?rest_route=\/wp\/v2\/pages"}],"about":[{"href":"https:\/\/www.donbosco-landser.net\/index.php?rest_route=\/wp\/v2\/types\/page"}],"author":[{"embeddable":true,"href":"https:\/\/www.donbosco-landser.net\/index.php?rest_route=\/wp\/v2\/users\/1"}],"replies":[{"embeddable":true,"href":"https:\/\/www.donbosco-landser.net\/index.php?rest_route=%2Fwp%2Fv2%2Fcomments&post=1696"}],"version-history":[{"count":4,"href":"https:\/\/www.donbosco-landser.net\/index.php?rest_route=\/wp\/v2\/pages\/1696\/revisions"}],"predecessor-version":[{"id":2403,"href":"https:\/\/www.donbosco-landser.net\/index.php?rest_route=\/wp\/v2\/pages\/1696\/revisions\/2403"}],"up":[{"embeddable":true,"href":"https:\/\/www.donbosco-landser.net\/index.php?rest_route=\/wp\/v2\/pages\/1676"}],"wp:attachment":[{"href":"https:\/\/www.donbosco-landser.net\/index.php?rest_route=%2Fwp%2Fv2%2Fmedia&parent=1696"}],"curies":[{"name":"wp","href":"https:\/\/api.w.org\/{rel}","templated":true}]}}