{"id":1694,"date":"2025-01-15T09:49:29","date_gmt":"2025-01-15T08:49:29","guid":{"rendered":"http:\/\/localhost\/mon-site\/?page_id=1694"},"modified":"2025-08-21T11:20:40","modified_gmt":"2025-08-21T09:20:40","slug":"coin-ecoute","status":"publish","type":"page","link":"https:\/\/www.donbosco-landser.net\/?page_id=1694","title":{"rendered":"Point Ecoute"},"content":{"rendered":"\n<div style=\"height:48px\" aria-hidden=\"true\" class=\"wp-block-spacer\"><\/div>\n\n\n\n<h2 class=\"wp-block-heading has-text-align-center\">Point Ecoute<\/h2>\n\n\n\n<div style=\"height:48px\" aria-hidden=\"true\" class=\"wp-block-spacer\"><\/div>\n\n\n\n<p>Besoin de <strong>parler<\/strong>, de <strong>te confier<\/strong> ou simplement d\u2019\u00eatre <strong>\u00e9cout\u00e9(e)<\/strong> ? Au <strong>Point \u00c9coute<\/strong>, une \u00e9quipe de <strong>professeurs<\/strong> et de <strong>P\u00e8res sal\u00e9siens<\/strong> t\u2019attend pour t\u2019offrir un <strong>espace d\u2019\u00e9change bienveillant et confidentiel<\/strong>.<\/p>\n\n\n\n<p>\ud83d\udd39 <strong>Pourquoi venir ?<\/strong> \u2192 Une <strong>difficult\u00e9<\/strong> \u00e0 surmonter ? \u2192 Une <strong>question<\/strong> qui te tracasse ? \u2192 L\u2019envie de <strong>partager<\/strong> ce qui p\u00e8se sur ton c\u0153ur ? \u2192 Ou juste <strong>discuter<\/strong> sans pression ?<\/p>\n\n\n\n<p>\ud83d\udcac <strong>Ici, ta parole est pr\u00e9cieuse<\/strong> : <br>\u2705 <strong>Sans jugement<\/strong> \u2013 Juste une oreille attentive. <br>\u2705 <strong>Sans rendez-vous<\/strong> \u2013 Viens quand tu en as besoin. <br>\u2705 <strong>En toute confidentialit\u00e9<\/strong> \u2013 Ce que tu dis reste entre nous.<\/p>\n\n\n\n<p>\ud83d\udccd <strong>O\u00f9 nous trouver ?<\/strong> Le Point \u00c9coute est ouvert \u00e0 tous les \u00e9l\u00e8ves, <strong>quel que soit le sujet<\/strong>. La porte est toujours ouverte, et notre \u00e9quipe est l\u00e0 pour toi.<\/p>\n\n\n\n<p> <strong>Tu n\u2019es pas seul(e)<\/strong> \u2013 Parlons-en ensemble.<\/p>\n\n\n\n<hr class=\"wp-block-separator has-alpha-channel-opacity\"\/>\n\n\n\n<p><em>Un doute, une inqui\u00e9tude, une joie \u00e0 partager ? Pousse la porte, on t\u2019\u00e9coute.<\/em><\/p>\n\n\n\n<div style=\"height:36px\" aria-hidden=\"true\" class=\"wp-block-spacer\"><\/div>\n","protected":false},"excerpt":{"rendered":"<p>Point Ecoute Besoin de parler, de te confier ou simplement d\u2019\u00eatre \u00e9cout\u00e9(e) ? Au Point \u00c9coute, une \u00e9quipe de professeurs [&hellip;]<\/p>\n","protected":false},"author":1,"featured_media":0,"parent":1676,"menu_order":0,"comment_status":"closed","ping_status":"closed","template":"","meta":{"site-sidebar-layout":"default","site-content-layout":"","ast-site-content-layout":"default","site-content-style":"default","site-sidebar-style":"default","ast-global-header-display":"","ast-banner-title-visibility":"","ast-main-header-display":"","ast-hfb-above-header-display":"","ast-hfb-below-header-display":"","ast-hfb-mobile-header-display":"","site-post-title":"disabled","ast-breadcrumbs-content":"","ast-featured-img":"","footer-sml-layout":"","theme-transparent-header-meta":"","adv-header-id-meta":"","stick-header-meta":"","header-above-stick-meta":"","header-main-stick-meta":"","header-below-stick-meta":"","astra-migrate-meta-layouts":"set","ast-page-background-enabled":"default","ast-page-background-meta":{"desktop":{"background-color":"var(--ast-global-color-4)","background-image":"","background-repeat":"repeat","background-position":"center center","background-size":"auto","background-attachment":"scroll","background-type":"","background-media":"","overlay-type":"","overlay-color":"","overlay-opacity":"","overlay-gradient":""},"tablet":{"background-color":"","background-image":"","background-repeat":"repeat","background-position":"center center","background-size":"auto","background-attachment":"scroll","background-type":"","background-media":"","overlay-type":"","overlay-color":"","overlay-opacity":"","overlay-gradient":""},"mobile":{"background-color":"","background-image":"","background-repeat":"repeat","background-position":"center center","background-size":"auto","background-attachment":"scroll","background-type":"","background-media":"","overlay-type":"","overlay-color":"","overlay-opacity":"","overlay-gradient":""}},"ast-content-background-meta":{"desktop":{"background-color":"var(--ast-global-color-5)","background-image":"","background-repeat":"repeat","background-position":"center center","background-size":"auto","background-attachment":"scroll","background-type":"","background-media":"","overlay-type":"","overlay-color":"","overlay-opacity":"","overlay-gradient":""},"tablet":{"background-color":"var(--ast-global-color-5)","background-image":"","background-repeat":"repeat","background-position":"center center","background-size":"auto","background-attachment":"scroll","background-type":"","background-media":"","overlay-type":"","overlay-color":"","overlay-opacity":"","overlay-gradient":""},"mobile":{"background-color":"var(--ast-global-color-5)","background-image":"","background-repeat":"repeat","background-position":"center center","background-size":"auto","background-attachment":"scroll","background-type":"","background-media":"","overlay-type":"","overlay-color":"","overlay-opacity":"","overlay-gradient":""}},"footnotes":""},"class_list":["post-1694","page","type-page","status-publish","hentry"],"jetpack_sharing_enabled":true,"_links":{"self":[{"href":"https:\/\/www.donbosco-landser.net\/index.php?rest_route=\/wp\/v2\/pages\/1694","targetHints":{"allow":["GET"]}}],"collection":[{"href":"https:\/\/www.donbosco-landser.net\/index.php?rest_route=\/wp\/v2\/pages"}],"about":[{"href":"https:\/\/www.donbosco-landser.net\/index.php?rest_route=\/wp\/v2\/types\/page"}],"author":[{"embeddable":true,"href":"https:\/\/www.donbosco-landser.net\/index.php?rest_route=\/wp\/v2\/users\/1"}],"replies":[{"embeddable":true,"href":"https:\/\/www.donbosco-landser.net\/index.php?rest_route=%2Fwp%2Fv2%2Fcomments&post=1694"}],"version-history":[{"count":5,"href":"https:\/\/www.donbosco-landser.net\/index.php?rest_route=\/wp\/v2\/pages\/1694\/revisions"}],"predecessor-version":[{"id":2508,"href":"https:\/\/www.donbosco-landser.net\/index.php?rest_route=\/wp\/v2\/pages\/1694\/revisions\/2508"}],"up":[{"embeddable":true,"href":"https:\/\/www.donbosco-landser.net\/index.php?rest_route=\/wp\/v2\/pages\/1676"}],"wp:attachment":[{"href":"https:\/\/www.donbosco-landser.net\/index.php?rest_route=%2Fwp%2Fv2%2Fmedia&parent=1694"}],"curies":[{"name":"wp","href":"https:\/\/api.w.org\/{rel}","templated":true}]}}