{"id":1692,"date":"2025-01-15T09:49:16","date_gmt":"2025-01-15T08:49:16","guid":{"rendered":"http:\/\/localhost\/mon-site\/?page_id=1692"},"modified":"2025-04-11T09:39:45","modified_gmt":"2025-04-11T07:39:45","slug":"comissions","status":"publish","type":"page","link":"https:\/\/www.donbosco-landser.net\/?page_id=1692","title":{"rendered":"Commissions"},"content":{"rendered":"\n<div style=\"height:45px\" aria-hidden=\"true\" class=\"wp-block-spacer\"><\/div>\n\n\n\n<h2 class=\"wp-block-heading has-text-align-center\">Commissions<\/h2>\n\n\n\n<div style=\"height:34px\" aria-hidden=\"true\" class=\"wp-block-spacer\"><\/div>\n\n\n\n<p>A Don Bosco les d\u00e9l\u00e9gu\u00e9s et les \u00e9l\u00e8ves ont plus de responsabilit\u00e9 que d\u2019\u00eatre juste \u00e9l\u00e8ve, chaque d\u00e9l\u00e9gu\u00e9 fait partie d\u2019au minimum une commission et certaines d\u2019entre elles sont ouvertes aux autres \u00e9l\u00e8ves volontaires de l\u2019\u00e9tablissement.<\/p>\n\n\n\n<ul class=\"wp-block-list\">\n<li><strong><u>la commission solidarit\u00e9<\/u><\/strong>, est ouverte aux d\u00e9l\u00e9gu\u00e9s et aux \u00e9l\u00e8ves volontaires, encadr\u00e9e par des professeurs, cette commission s\u2019occupe de toutes les actions de solidarit\u00e9 organis\u00e9es \u00e0 Don Bosco comme par exemple la vente de brioche pour l\u2019AFAPEI, la vente des lapins de p\u00e2ques pour l\u2019association Terre Des Hommes Alsace, des boites de no\u00ebl pour des familles en situation pr\u00e9caire, des collectes pour Caritas et bien d\u2019autre encore.<\/li>\n<\/ul>\n\n\n\n<hr class=\"wp-block-separator has-alpha-channel-opacity\"\/>\n\n\n\n<ul class=\"wp-block-list\">\n<li><strong><u>La commission environnement<\/u><\/strong>, est ouverte aux d\u00e9l\u00e9gu\u00e9s et aux \u00e9l\u00e8ves volontaires, encadr\u00e9e par des professeurs. Cette commission s\u2019occupe de plusieurs choses, des bacs de tri de papier, la mise en place des poubelles sp\u00e9ciales dans la cour, la fabrication de r\u00e9serves de nourriture pour les oiseaux \u00e0 l\u2019aide de peaux d\u2019oranges et de pommes de pins. Ils font \u00e9galement des affiches de pr\u00e9vention sur l\u2019utilisation des lumi\u00e8res et du chauffage en classe. Ils organisent aussi des campagnes de collecte d\u2019\u00e9cocup afin de ne pas utiliser \u00e0 chaque \u00e9v\u00e8nement des verres en plastique jetable et d\u2019autres actions comme Don Bosco Propre qui aide l\u2019environnement \u00e0 notre \u00e9chelle.<\/li>\n<\/ul>\n\n\n\n<hr class=\"wp-block-separator has-alpha-channel-opacity\"\/>\n\n\n\n<ul class=\"wp-block-list\">\n<li><strong><u>la commission Bien Vivre<\/u><\/strong>, est constitu\u00e9e de plusieurs \u00e9l\u00e8ves du niveau 3<sup>e<\/sup> 2<sup>nd<\/sup> 1<sup>er<\/sup> et Terminal choisit par M.Werner , deux professeurs , une personne repr\u00e9sentant le personnel d\u2019\u00e9ducation&nbsp; ainsi que M.Werner. Cette commission est un peu particuli\u00e8re par rapport aux autres, elle permet d\u2019aborder des sujets importants tel que le stress des \u00e9l\u00e8ves, le harc\u00e8lement, l\u2019\u00e9criture du r\u00e8glement g\u00e9n\u00e9ral et certains probl\u00e8mes autres. Plusieurs choses ont d\u00e9j\u00e0 \u00e9t\u00e9 mises en place comme une matin\u00e9e bien \u00eatre avec l\u2019intervention de professionnels ext\u00e9rieurs de diff\u00e9rentes professions, qui a pour objectif de se transformer en \u00e9tudes bien \u00eatre ou les m\u00eames activit\u00e9s seront propos\u00e9es mais sur les temps d\u2019\u00e9tude r\u00e9partie dans l\u2019ann\u00e9e. Des \u00e9l\u00e8ves m\u00e9diateurs pour intervenir dans des histoires entre \u00e9l\u00e8ves et L\u2019intervention de la maison des Adolescents sur la probl\u00e9matique du consentement en 1<sup>er <\/sup>ont aussi \u00e9t\u00e9 mis en place.<\/li>\n<\/ul>\n\n\n\n<hr class=\"wp-block-separator has-alpha-channel-opacity\"\/>\n\n\n\n<ul class=\"wp-block-list\">\n<li><strong><u>la commission menu<\/u><\/strong>, se r\u00e9unit une ou deux fois dans l\u2019ann\u00e9e pour parler des menus propos\u00e9s \u00e0 la cantine, du d\u00e9roulement du repas etc&#8230; Elle est compos\u00e9e d\u2019un d\u00e9l\u00e9gu\u00e9 par niveau, (de M. Adrian le maire de Landser qui s\u2019occupe des finances de Don Bosco) et du chef cuisinier.<\/li>\n<\/ul>\n\n\n\n<hr class=\"wp-block-separator has-alpha-channel-opacity\"\/>\n\n\n\n<ul class=\"wp-block-list\">\n<li><strong><u>La commission information, <\/u><\/strong>&nbsp;constitu\u00e9e d\u2019un d\u00e9l\u00e9gu\u00e9 par niveau et de professeurs , elle s\u2019occupe d\u2019une revue interne \u00e0 l\u2019\u00e9tablissement pour les professeurs avec les actualit\u00e9s du trimestre dans chaque niveau, ils cr\u00e9ent des affiches pour informer les \u00e9l\u00e8ves ou professeurs de certaines actualit\u00e9s et certains son charg\u00e9 de prendre des photos lors des sorties afin de les publier sur l\u2019Instagram et le Facebook de Don Bosco.<\/li>\n<\/ul>\n\n\n\n<div style=\"height:62px\" aria-hidden=\"true\" class=\"wp-block-spacer\"><\/div>\n","protected":false},"excerpt":{"rendered":"<p>Commissions A Don Bosco les d\u00e9l\u00e9gu\u00e9s et les \u00e9l\u00e8ves ont plus de responsabilit\u00e9 que d\u2019\u00eatre juste \u00e9l\u00e8ve, chaque d\u00e9l\u00e9gu\u00e9 fait [&hellip;]<\/p>\n","protected":false},"author":1,"featured_media":0,"parent":1686,"menu_order":0,"comment_status":"closed","ping_status":"closed","template":"","meta":{"site-sidebar-layout":"default","site-content-layout":"","ast-site-content-layout":"default","site-content-style":"default","site-sidebar-style":"default","ast-global-header-display":"","ast-banner-title-visibility":"","ast-main-header-display":"","ast-hfb-above-header-display":"","ast-hfb-below-header-display":"","ast-hfb-mobile-header-display":"","site-post-title":"disabled","ast-breadcrumbs-content":"","ast-featured-img":"","footer-sml-layout":"","theme-transparent-header-meta":"","adv-header-id-meta":"","stick-header-meta":"","header-above-stick-meta":"","header-main-stick-meta":"","header-below-stick-meta":"","astra-migrate-meta-layouts":"set","ast-page-background-enabled":"default","ast-page-background-meta":{"desktop":{"background-color":"var(--ast-global-color-4)","background-image":"","background-repeat":"repeat","background-position":"center center","background-size":"auto","background-attachment":"scroll","background-type":"","background-media":"","overlay-type":"","overlay-color":"","overlay-opacity":"","overlay-gradient":""},"tablet":{"background-color":"","background-image":"","background-repeat":"repeat","background-position":"center center","background-size":"auto","background-attachment":"scroll","background-type":"","background-media":"","overlay-type":"","overlay-color":"","overlay-opacity":"","overlay-gradient":""},"mobile":{"background-color":"","background-image":"","background-repeat":"repeat","background-position":"center center","background-size":"auto","background-attachment":"scroll","background-type":"","background-media":"","overlay-type":"","overlay-color":"","overlay-opacity":"","overlay-gradient":""}},"ast-content-background-meta":{"desktop":{"background-color":"var(--ast-global-color-5)","background-image":"","background-repeat":"repeat","background-position":"center center","background-size":"auto","background-attachment":"scroll","background-type":"","background-media":"","overlay-type":"","overlay-color":"","overlay-opacity":"","overlay-gradient":""},"tablet":{"background-color":"var(--ast-global-color-5)","background-image":"","background-repeat":"repeat","background-position":"center center","background-size":"auto","background-attachment":"scroll","background-type":"","background-media":"","overlay-type":"","overlay-color":"","overlay-opacity":"","overlay-gradient":""},"mobile":{"background-color":"var(--ast-global-color-5)","background-image":"","background-repeat":"repeat","background-position":"center center","background-size":"auto","background-attachment":"scroll","background-type":"","background-media":"","overlay-type":"","overlay-color":"","overlay-opacity":"","overlay-gradient":""}},"footnotes":""},"class_list":["post-1692","page","type-page","status-publish","hentry"],"jetpack_sharing_enabled":true,"_links":{"self":[{"href":"https:\/\/www.donbosco-landser.net\/index.php?rest_route=\/wp\/v2\/pages\/1692","targetHints":{"allow":["GET"]}}],"collection":[{"href":"https:\/\/www.donbosco-landser.net\/index.php?rest_route=\/wp\/v2\/pages"}],"about":[{"href":"https:\/\/www.donbosco-landser.net\/index.php?rest_route=\/wp\/v2\/types\/page"}],"author":[{"embeddable":true,"href":"https:\/\/www.donbosco-landser.net\/index.php?rest_route=\/wp\/v2\/users\/1"}],"replies":[{"embeddable":true,"href":"https:\/\/www.donbosco-landser.net\/index.php?rest_route=%2Fwp%2Fv2%2Fcomments&post=1692"}],"version-history":[{"count":4,"href":"https:\/\/www.donbosco-landser.net\/index.php?rest_route=\/wp\/v2\/pages\/1692\/revisions"}],"predecessor-version":[{"id":2143,"href":"https:\/\/www.donbosco-landser.net\/index.php?rest_route=\/wp\/v2\/pages\/1692\/revisions\/2143"}],"up":[{"embeddable":true,"href":"https:\/\/www.donbosco-landser.net\/index.php?rest_route=\/wp\/v2\/pages\/1686"}],"wp:attachment":[{"href":"https:\/\/www.donbosco-landser.net\/index.php?rest_route=%2Fwp%2Fv2%2Fmedia&parent=1692"}],"curies":[{"name":"wp","href":"https:\/\/api.w.org\/{rel}","templated":true}]}}