{"id":1643,"date":"2025-01-14T16:09:16","date_gmt":"2025-01-14T15:09:16","guid":{"rendered":"http:\/\/localhost\/mon-site\/?page_id=1643"},"modified":"2025-08-21T08:57:23","modified_gmt":"2025-08-21T06:57:23","slug":"resultats","status":"publish","type":"page","link":"https:\/\/www.donbosco-landser.net\/?page_id=1643","title":{"rendered":"Resultats"},"content":{"rendered":"\n<div style=\"height:45px\" aria-hidden=\"true\" class=\"wp-block-spacer\"><\/div>\n\n\n\n<h2 class=\"wp-block-heading has-text-align-center\">\ud83d\udcc8 <strong>R\u00e9sultats <\/strong><\/h2>\n\n\n\n<div style=\"height:45px\" aria-hidden=\"true\" class=\"wp-block-spacer\"><\/div>\n\n\n\n<p>Vous trouverez ci-joint les <strong>r\u00e9sultats du baccalaur\u00e9at et du dipl\u00f4me national du brevet<\/strong> pour l\u2019ann\u00e9e scolaire 2024\/2025. <br><br>Ces r\u00e9sultats refl\u00e8tent le travail et l\u2019engagement de nos \u00e9l\u00e8ves tout au long de l\u2019ann\u00e9e. Nous adressons nos plus vives f\u00e9licitations \u00e0 tous les laur\u00e9ats et remercions chaleureusement les \u00e9quipes p\u00e9dagogiques pour leur accompagnement.<\/p>\n\n\n\n<div class=\"wp-block-buttons is-content-justification-center is-layout-flex wp-container-core-buttons-is-layout-a89b3969 wp-block-buttons-is-layout-flex\">\n<div class=\"wp-block-button\"><a class=\"wp-block-button__link wp-element-button\" href=\"https:\/\/www.donbosco-landser.net\/wp-content\/uploads\/2025\/08\/LISTE-AFFICHAGE-BACCALAUREAT-2025-v2.pdf\">R\u00e9sultats Baccalaur\u00e9at &#8211; 100% R\u00e9ussite<\/a><\/div>\n\n\n\n<div class=\"wp-block-button\"><a class=\"wp-block-button__link wp-element-button\" href=\"https:\/\/www.donbosco-landser.net\/wp-content\/uploads\/2025\/08\/DNB-3-1.pdf\">R\u00e9sultats Brevet &#8211; 100% Mentions<\/a><\/div>\n<\/div>\n\n\n\n<div style=\"height:45px\" aria-hidden=\"true\" class=\"wp-block-spacer\"><\/div>\n\n\n\n<h3 class=\"wp-block-heading\"><strong>Taux de R\u00e9ussite au Brevet des Coll\u00e8ges<\/strong><\/h3>\n\n\n\n<figure class=\"wp-block-table\"><table class=\"has-fixed-layout\"><thead><tr><th>Ann\u00e9e<\/th><th>Taux de r\u00e9ussite<\/th><th>Taux de mentions<\/th><th>Tr\u00e8s bien<\/th><th>Bien<\/th><th>Assez bien<\/th><th>F\u00e9licitations<\/th><\/tr><\/thead><tbody><tr><td><strong>2025<\/strong><\/td><td>100%<\/td><td>100%<\/td><td>105<\/td><td>32<\/td><td>10<\/td><td>57<\/td><\/tr><tr><td><strong>2024<\/strong><\/td><td>100%<\/td><td>100%<\/td><td>87<\/td><td>50<\/td><td>11<\/td><td>&#8211;<\/td><\/tr><tr><td><strong>2023<\/strong><\/td><td>100%<\/td><td>99,29%<\/td><td>99<\/td><td>31<\/td><td>9<\/td><td>&#8211;<\/td><\/tr><tr><td><strong>2022<\/strong><\/td><td>100%<\/td><td>94,48%<\/td><td>97<\/td><td>30<\/td><td>10<\/td><td>&#8211;<\/td><\/tr><tr><td><strong>2021<\/strong><\/td><td>100%<\/td><td>97,93%<\/td><td>94<\/td><td>37<\/td><td>11<\/td><td>&#8211;<\/td><\/tr><\/tbody><\/table><\/figure>\n\n\n\n<h3 class=\"wp-block-heading\"><strong>Taux de R\u00e9ussite au Baccalaur\u00e9at<\/strong><\/h3>\n\n\n\n<figure class=\"wp-block-table\"><table class=\"has-fixed-layout\"><thead><tr><th>Ann\u00e9e<\/th><th>Taux de r\u00e9ussite<\/th><th>Taux de mentions<\/th><th>Tr\u00e8s bien<\/th><th>Bien<\/th><th>Assez bien<\/th><th>F\u00e9licitations<\/th><\/tr><\/thead><tbody><tr><td><strong>2025<\/strong><\/td><td>100%<\/td><td>93,70%<\/td><td>32<\/td><td>63<\/td><td>39<\/td><td>4<\/td><\/tr><tr><td><strong>2024<\/strong><\/td><td>100%<\/td><td>88,49%<\/td><td>45<\/td><td>50<\/td><td>28<\/td><td>4<\/td><\/tr><tr><td><strong>2023<\/strong><\/td><td>100%<\/td><td>93,23%<\/td><td>46<\/td><td>42<\/td><td>36<\/td><td>6<\/td><\/tr><tr><td><strong>2022<\/strong><\/td><td>100%<\/td><td>97,84%<\/td><td>58<\/td><td>56<\/td><td>22<\/td><td>8<\/td><\/tr><tr><td><strong>2021<\/strong><\/td><td>100%<\/td><td>92,42%<\/td><td>38<\/td><td>53<\/td><td>31<\/td><td>7<\/td><\/tr><\/tbody><\/table><\/figure>\n\n\n\n<h4 class=\"wp-block-heading\"><strong>Brevet des Coll\u00e8ges<\/strong><\/h4>\n\n\n\n<p>Le <strong>Brevet des Coll\u00e8ges<\/strong> est un examen crucial qui marque la fin du coll\u00e8ge. Les \u00e9l\u00e8ves de Don Bosco Landser obtiennent constamment des r\u00e9sultats exceptionnels, avec un taux de r\u00e9ussite proche de 100%. Ces r\u00e9sultats t\u00e9moignent de l&rsquo;engagement p\u00e9dagogique des enseignants et de l&rsquo;accompagnement personnalis\u00e9 offert aux \u00e9l\u00e8ves.<\/p>\n\n\n\n<ul class=\"wp-block-list\">\n<li><strong>Options et Mentions<\/strong> : Les \u00e9l\u00e8ves peuvent choisir des options telles que la <strong>section europ\u00e9enne<\/strong>  ce qui enrichit leur parcours scolaire.<\/li>\n\n\n\n<li><strong>Taux de mention<\/strong> : Le taux de mention est une bonne indication de l&rsquo;excellence de nos \u00e9l\u00e8ves, avec une majorit\u00e9 d&rsquo;entre eux obtenant <strong>mention bien<\/strong> et <strong>mention tr\u00e8s bien<\/strong>.<\/li>\n<\/ul>\n\n\n\n<h4 class=\"wp-block-heading\"><strong>Baccalaur\u00e9at<\/strong><\/h4>\n\n\n\n<p>Le <strong>Baccalaur\u00e9at<\/strong> est l&rsquo;examen phare du lyc\u00e9e. Les \u00e9l\u00e8ves de Don Bosco Landser r\u00e9ussissent avec brio, notamment gr\u00e2ce \u00e0 un accompagnement de qualit\u00e9 tout au long de leurs ann\u00e9es de lyc\u00e9e. Le taux de mention est particuli\u00e8rement \u00e9lev\u00e9, et une large proportion des \u00e9l\u00e8ves obtiennent <strong>mention bien<\/strong> et <strong>mention tr\u00e8s bien<\/strong>.<\/p>\n\n\n\n<ul class=\"wp-block-list\">\n<li><strong>Sp\u00e9cialit\u00e9s propos\u00e9es<\/strong> : Don Bosco Landser offre une vari\u00e9t\u00e9 de sp\u00e9cialit\u00e9s, telles que les <strong>sciences \u00e9conomiques et sociales<\/strong>, les <strong>math\u00e9matiques<\/strong>, et la <strong>langue et litt\u00e9rature \u00e9trang\u00e8res<\/strong>.<\/li>\n\n\n\n<li><strong>Taux de mention<\/strong> : La mention \u00ab\u00a0tr\u00e8s bien\u00a0\u00bb est obtenue par environ <strong>20% des \u00e9l\u00e8ves<\/strong>, ce qui est un excellent r\u00e9sultat et t\u00e9moigne de l&rsquo;investissement des \u00e9l\u00e8ves dans leur parcours scolaire.<\/li>\n<\/ul>\n\n\n\n<h3 class=\"wp-block-heading\"><strong>Classements Nationaux et R\u00e9gionaux<\/strong><\/h3>\n\n\n\n<p>Don Bosco Landser figure r\u00e9guli\u00e8rement dans les <strong>classements nationaux<\/strong> des meilleurs \u00e9tablissements scolaires de France, en particulier pour ses r\u00e9sultats au <strong>Brevet<\/strong> et au <strong>Baccalaur\u00e9at<\/strong>. Ces classements sont bas\u00e9s sur des crit\u00e8res tels que le taux de r\u00e9ussite, la mention obtenue et le parcours des \u00e9l\u00e8ves.<\/p>\n\n\n\n<ul class=\"wp-block-list\">\n<li><strong>Classement national du Brevet<\/strong> : 45\u1d49 en 2024, parmi les 8 732 coll\u00e8ges fran\u00e7ais<\/li>\n\n\n\n<li><strong>Classement national du Bac<\/strong> : 19\u1d49 en 2024, parmi les 2 295 lyc\u00e9es fran\u00e7ais<\/li>\n<\/ul>\n\n\n\n<div style=\"height:38px\" aria-hidden=\"true\" class=\"wp-block-spacer\"><\/div>\n","protected":false},"excerpt":{"rendered":"<p>\ud83d\udcc8 R\u00e9sultats Vous trouverez ci-joint les r\u00e9sultats du baccalaur\u00e9at et du dipl\u00f4me national du brevet pour l\u2019ann\u00e9e scolaire 2024\/2025. Ces [&hellip;]<\/p>\n","protected":false},"author":1,"featured_media":0,"parent":1611,"menu_order":0,"comment_status":"closed","ping_status":"closed","template":"","meta":{"site-sidebar-layout":"default","site-content-layout":"","ast-site-content-layout":"default","site-content-style":"default","site-sidebar-style":"default","ast-global-header-display":"","ast-banner-title-visibility":"","ast-main-header-display":"","ast-hfb-above-header-display":"","ast-hfb-below-header-display":"","ast-hfb-mobile-header-display":"","site-post-title":"disabled","ast-breadcrumbs-content":"","ast-featured-img":"","footer-sml-layout":"","theme-transparent-header-meta":"","adv-header-id-meta":"","stick-header-meta":"","header-above-stick-meta":"","header-main-stick-meta":"","header-below-stick-meta":"","astra-migrate-meta-layouts":"set","ast-page-background-enabled":"default","ast-page-background-meta":{"desktop":{"background-color":"var(--ast-global-color-4)","background-image":"","background-repeat":"repeat","background-position":"center center","background-size":"auto","background-attachment":"scroll","background-type":"","background-media":"","overlay-type":"","overlay-color":"","overlay-opacity":"","overlay-gradient":""},"tablet":{"background-color":"","background-image":"","background-repeat":"repeat","background-position":"center center","background-size":"auto","background-attachment":"scroll","background-type":"","background-media":"","overlay-type":"","overlay-color":"","overlay-opacity":"","overlay-gradient":""},"mobile":{"background-color":"","background-image":"","background-repeat":"repeat","background-position":"center center","background-size":"auto","background-attachment":"scroll","background-type":"","background-media":"","overlay-type":"","overlay-color":"","overlay-opacity":"","overlay-gradient":""}},"ast-content-background-meta":{"desktop":{"background-color":"var(--ast-global-color-5)","background-image":"","background-repeat":"repeat","background-position":"center center","background-size":"auto","background-attachment":"scroll","background-type":"","background-media":"","overlay-type":"","overlay-color":"","overlay-opacity":"","overlay-gradient":""},"tablet":{"background-color":"var(--ast-global-color-5)","background-image":"","background-repeat":"repeat","background-position":"center center","background-size":"auto","background-attachment":"scroll","background-type":"","background-media":"","overlay-type":"","overlay-color":"","overlay-opacity":"","overlay-gradient":""},"mobile":{"background-color":"var(--ast-global-color-5)","background-image":"","background-repeat":"repeat","background-position":"center center","background-size":"auto","background-attachment":"scroll","background-type":"","background-media":"","overlay-type":"","overlay-color":"","overlay-opacity":"","overlay-gradient":""}},"footnotes":""},"class_list":["post-1643","page","type-page","status-publish","hentry"],"jetpack_sharing_enabled":true,"_links":{"self":[{"href":"https:\/\/www.donbosco-landser.net\/index.php?rest_route=\/wp\/v2\/pages\/1643","targetHints":{"allow":["GET"]}}],"collection":[{"href":"https:\/\/www.donbosco-landser.net\/index.php?rest_route=\/wp\/v2\/pages"}],"about":[{"href":"https:\/\/www.donbosco-landser.net\/index.php?rest_route=\/wp\/v2\/types\/page"}],"author":[{"embeddable":true,"href":"https:\/\/www.donbosco-landser.net\/index.php?rest_route=\/wp\/v2\/users\/1"}],"replies":[{"embeddable":true,"href":"https:\/\/www.donbosco-landser.net\/index.php?rest_route=%2Fwp%2Fv2%2Fcomments&post=1643"}],"version-history":[{"count":7,"href":"https:\/\/www.donbosco-landser.net\/index.php?rest_route=\/wp\/v2\/pages\/1643\/revisions"}],"predecessor-version":[{"id":2484,"href":"https:\/\/www.donbosco-landser.net\/index.php?rest_route=\/wp\/v2\/pages\/1643\/revisions\/2484"}],"up":[{"embeddable":true,"href":"https:\/\/www.donbosco-landser.net\/index.php?rest_route=\/wp\/v2\/pages\/1611"}],"wp:attachment":[{"href":"https:\/\/www.donbosco-landser.net\/index.php?rest_route=%2Fwp%2Fv2%2Fmedia&parent=1643"}],"curies":[{"name":"wp","href":"https:\/\/api.w.org\/{rel}","templated":true}]}}