{"id":1637,"date":"2025-01-14T16:08:44","date_gmt":"2025-01-14T15:08:44","guid":{"rendered":"http:\/\/localhost\/mon-site\/?page_id=1637"},"modified":"2025-08-21T08:40:24","modified_gmt":"2025-08-21T06:40:24","slug":"administration","status":"publish","type":"page","link":"https:\/\/www.donbosco-landser.net\/?page_id=1637","title":{"rendered":"Administration"},"content":{"rendered":"\n<div style=\"height:29px\" aria-hidden=\"true\" class=\"wp-block-spacer\"><\/div>\n\n\n\n<h2 class=\"wp-block-heading has-text-align-center\">Administration<\/h2>\n\n\n\n<div style=\"height:30px\" aria-hidden=\"true\" class=\"wp-block-spacer\"><\/div>\n\n\n\n<h3 class=\"wp-block-heading\"><strong>L&rsquo;\u00c9quipe Administrative de l&rsquo;\u00c9tablissement Don Bosco Landser<\/strong><\/h3>\n\n\n\n<p>Notre \u00e9tablissement repose sur une \u00e9quipe administrative engag\u00e9e, assurant le bon fonctionnement et l\u2019accueil de chaque \u00e9l\u00e8ve et famille.<\/p>\n\n\n\n<h4 class=\"wp-block-heading\"><strong>Direction et Administration<\/strong><\/h4>\n\n\n\n<ul class=\"wp-block-list\">\n<li><strong>Le Directeur<\/strong> : M. Werner<\/li>\n\n\n\n<li><strong>L\u2019Adjoint Coll\u00e8ge<\/strong> : M. Hartmann<\/li>\n\n\n\n<li><strong>L\u2019Adjoint Lyc\u00e9e<\/strong> : M. Primot<\/li>\n\n\n\n<li><strong>Le Gestionnaire<\/strong> : M. Adrian<\/li>\n\n\n\n<li><strong>Le Responsable de la pastorale<\/strong> : P\u00e8re Hildenbrand<\/li>\n<\/ul>\n\n\n\n<h4 class=\"wp-block-heading\"><strong>Accueil et Secr\u00e9tariat<\/strong><\/h4>\n\n\n\n<ul class=\"wp-block-list\">\n<li><strong>Secr\u00e9tariat<\/strong> : Mme Chiandet<\/li>\n\n\n\n<li><strong>R\u00e9ception<\/strong> : Mme Kohler<\/li>\n<\/ul>\n\n\n\n<p>\ud83d\udccc <strong>Inscriptions<\/strong><br>Pour toute demande d\u2019inscription, veuillez nous adresser un courrier mentionnant :<\/p>\n\n\n\n<ul class=\"wp-block-list\">\n<li>La classe demand\u00e9e<\/li>\n\n\n\n<li>Le nom et le pr\u00e9nom de l\u2019\u00e9l\u00e8ve<\/li>\n\n\n\n<li>Sa date de naissance<\/li>\n<\/ul>\n\n\n\n<p>\ud83d\udcc5 <strong>Horaires d\u2019Ouverture du Secr\u00e9tariat<\/strong><\/p>\n\n\n\n<ul class=\"wp-block-list\">\n<li><strong>Lundi \u00e0 vendredi<\/strong> : 8h30 &#8211; 11h45 et 13h30 &#8211; 18h00<\/li>\n\n\n\n<li><strong>Mercredi apr\u00e8s-midi<\/strong> : 13h00 &#8211; 16h30<\/li>\n\n\n\n<li><strong>Vendredi apr\u00e8s-midi<\/strong> : 13h30 &#8211; 16h30<\/li>\n<\/ul>\n\n\n\n<p>Nous restons \u00e0 votre disposition pour toute information compl\u00e9mentaire.<\/p>\n\n\n\n<div style=\"height:21px\" aria-hidden=\"true\" class=\"wp-block-spacer\"><\/div>\n","protected":false},"excerpt":{"rendered":"<p>Administration L&rsquo;\u00c9quipe Administrative de l&rsquo;\u00c9tablissement Don Bosco Landser Notre \u00e9tablissement repose sur une \u00e9quipe administrative engag\u00e9e, assurant le bon fonctionnement [&hellip;]<\/p>\n","protected":false},"author":1,"featured_media":0,"parent":1611,"menu_order":0,"comment_status":"closed","ping_status":"closed","template":"","meta":{"site-sidebar-layout":"default","site-content-layout":"","ast-site-content-layout":"default","site-content-style":"default","site-sidebar-style":"default","ast-global-header-display":"","ast-banner-title-visibility":"","ast-main-header-display":"","ast-hfb-above-header-display":"","ast-hfb-below-header-display":"","ast-hfb-mobile-header-display":"","site-post-title":"disabled","ast-breadcrumbs-content":"","ast-featured-img":"","footer-sml-layout":"","theme-transparent-header-meta":"","adv-header-id-meta":"","stick-header-meta":"","header-above-stick-meta":"","header-main-stick-meta":"","header-below-stick-meta":"","astra-migrate-meta-layouts":"set","ast-page-background-enabled":"default","ast-page-background-meta":{"desktop":{"background-color":"var(--ast-global-color-4)","background-image":"","background-repeat":"repeat","background-position":"center center","background-size":"auto","background-attachment":"scroll","background-type":"","background-media":"","overlay-type":"","overlay-color":"","overlay-opacity":"","overlay-gradient":""},"tablet":{"background-color":"","background-image":"","background-repeat":"repeat","background-position":"center center","background-size":"auto","background-attachment":"scroll","background-type":"","background-media":"","overlay-type":"","overlay-color":"","overlay-opacity":"","overlay-gradient":""},"mobile":{"background-color":"","background-image":"","background-repeat":"repeat","background-position":"center center","background-size":"auto","background-attachment":"scroll","background-type":"","background-media":"","overlay-type":"","overlay-color":"","overlay-opacity":"","overlay-gradient":""}},"ast-content-background-meta":{"desktop":{"background-color":"var(--ast-global-color-5)","background-image":"","background-repeat":"repeat","background-position":"center center","background-size":"auto","background-attachment":"scroll","background-type":"","background-media":"","overlay-type":"","overlay-color":"","overlay-opacity":"","overlay-gradient":""},"tablet":{"background-color":"var(--ast-global-color-5)","background-image":"","background-repeat":"repeat","background-position":"center center","background-size":"auto","background-attachment":"scroll","background-type":"","background-media":"","overlay-type":"","overlay-color":"","overlay-opacity":"","overlay-gradient":""},"mobile":{"background-color":"var(--ast-global-color-5)","background-image":"","background-repeat":"repeat","background-position":"center center","background-size":"auto","background-attachment":"scroll","background-type":"","background-media":"","overlay-type":"","overlay-color":"","overlay-opacity":"","overlay-gradient":""}},"footnotes":""},"class_list":["post-1637","page","type-page","status-publish","hentry"],"jetpack_sharing_enabled":true,"_links":{"self":[{"href":"https:\/\/www.donbosco-landser.net\/index.php?rest_route=\/wp\/v2\/pages\/1637","targetHints":{"allow":["GET"]}}],"collection":[{"href":"https:\/\/www.donbosco-landser.net\/index.php?rest_route=\/wp\/v2\/pages"}],"about":[{"href":"https:\/\/www.donbosco-landser.net\/index.php?rest_route=\/wp\/v2\/types\/page"}],"author":[{"embeddable":true,"href":"https:\/\/www.donbosco-landser.net\/index.php?rest_route=\/wp\/v2\/users\/1"}],"replies":[{"embeddable":true,"href":"https:\/\/www.donbosco-landser.net\/index.php?rest_route=%2Fwp%2Fv2%2Fcomments&post=1637"}],"version-history":[{"count":6,"href":"https:\/\/www.donbosco-landser.net\/index.php?rest_route=\/wp\/v2\/pages\/1637\/revisions"}],"predecessor-version":[{"id":2472,"href":"https:\/\/www.donbosco-landser.net\/index.php?rest_route=\/wp\/v2\/pages\/1637\/revisions\/2472"}],"up":[{"embeddable":true,"href":"https:\/\/www.donbosco-landser.net\/index.php?rest_route=\/wp\/v2\/pages\/1611"}],"wp:attachment":[{"href":"https:\/\/www.donbosco-landser.net\/index.php?rest_route=%2Fwp%2Fv2%2Fmedia&parent=1637"}],"curies":[{"name":"wp","href":"https:\/\/api.w.org\/{rel}","templated":true}]}}