{"id":1633,"date":"2025-01-14T16:08:17","date_gmt":"2025-01-14T15:08:17","guid":{"rendered":"http:\/\/localhost\/mon-site\/?page_id=1633"},"modified":"2026-04-19T14:43:23","modified_gmt":"2026-04-19T12:43:23","slug":"menus-de-la-semaine","status":"publish","type":"page","link":"https:\/\/www.donbosco-landser.net\/?page_id=1633","title":{"rendered":"Menus de la semaine"},"content":{"rendered":"\n<div style=\"height:54px\" aria-hidden=\"true\" class=\"wp-block-spacer\"><\/div>\n\n\n\n<h2 class=\"wp-block-heading has-text-align-center\">\ud83c\udf7d\ufe0f <strong>Menu de la Semaine<\/strong><\/h2>\n\n\n\n<div style=\"height:54px\" aria-hidden=\"true\" class=\"wp-block-spacer\"><\/div>\n\n\n\n<h3 class=\"wp-block-heading\"><strong>Soci\u00e9t\u00e9 de Restauration : Alsacienne de Restauration<\/strong><\/h3>\n\n\n\n<p>Nous collaborons avec la soci\u00e9t\u00e9 <strong>Alsacienne de Restauration<\/strong>, sp\u00e9cialis\u00e9e dans la fourniture de repas \u00e9quilibr\u00e9s et de qualit\u00e9 pour les \u00e9tablissements scolaires. Cette soci\u00e9t\u00e9 met un point d&rsquo;honneur \u00e0 offrir des menus vari\u00e9s, respectant les crit\u00e8res nutritionnels tout en r\u00e9pondant aux go\u00fbts et aux besoins des \u00e9l\u00e8ves.<\/p>\n\n\n\n<h3 class=\"wp-block-heading\"><strong>Menu de la semaine<\/strong><\/h3>\n\n\n\n<p>Retrouvez chaque semaine le <strong>menu complet<\/strong> propos\u00e9 aux \u00e9l\u00e8ves de l&rsquo;\u00e9cole Don Bosco Landser. Pour consulter ou t\u00e9l\u00e9charger le menu de la semaine, cliquez sur le lien ci-dessous.<\/p>\n\n\n\n<hr class=\"wp-block-separator has-alpha-channel-opacity\"\/>\n\n\n\n<h3 class=\"wp-block-heading\">\ud83d\udce5 <strong>T\u00e9l\u00e9chargez le menu complet de la semaine en PDF<\/strong><\/h3>\n\n\n\n<p>Cliquez sur le lien ci-dessus pour <strong>t\u00e9l\u00e9charger ou afficher<\/strong> le menu de la semaine.<\/p>\n\n\n\n<div class=\"wp-block-buttons is-layout-flex wp-block-buttons-is-layout-flex\">\n<div class=\"wp-block-button\"><a class=\"wp-block-button__link wp-element-button\" href=\"https:\/\/www.donbosco-landser.net\/wp-content\/uploads\/2026\/04\/Menu-du-27-au-30-avril.pdf\" target=\"_blank\" rel=\"noreferrer noopener\">Menu de la semaine <\/a><\/div>\n<\/div>\n\n\n\n<div style=\"height:49px\" aria-hidden=\"true\" class=\"wp-block-spacer\"><\/div>\n","protected":false},"excerpt":{"rendered":"<p>\ud83c\udf7d\ufe0f Menu de la Semaine Soci\u00e9t\u00e9 de Restauration : Alsacienne de Restauration Nous collaborons avec la soci\u00e9t\u00e9 Alsacienne de Restauration, [&hellip;]<\/p>\n","protected":false},"author":1,"featured_media":0,"parent":1611,"menu_order":0,"comment_status":"closed","ping_status":"closed","template":"","meta":{"site-sidebar-layout":"default","site-content-layout":"","ast-site-content-layout":"default","site-content-style":"default","site-sidebar-style":"default","ast-global-header-display":"","ast-banner-title-visibility":"","ast-main-header-display":"","ast-hfb-above-header-display":"","ast-hfb-below-header-display":"","ast-hfb-mobile-header-display":"","site-post-title":"disabled","ast-breadcrumbs-content":"","ast-featured-img":"","footer-sml-layout":"","theme-transparent-header-meta":"","adv-header-id-meta":"","stick-header-meta":"","header-above-stick-meta":"","header-main-stick-meta":"","header-below-stick-meta":"","astra-migrate-meta-layouts":"set","ast-page-background-enabled":"default","ast-page-background-meta":{"desktop":{"background-color":"var(--ast-global-color-4)","background-image":"","background-repeat":"repeat","background-position":"center center","background-size":"auto","background-attachment":"scroll","background-type":"","background-media":"","overlay-type":"","overlay-color":"","overlay-opacity":"","overlay-gradient":""},"tablet":{"background-color":"","background-image":"","background-repeat":"repeat","background-position":"center center","background-size":"auto","background-attachment":"scroll","background-type":"","background-media":"","overlay-type":"","overlay-color":"","overlay-opacity":"","overlay-gradient":""},"mobile":{"background-color":"","background-image":"","background-repeat":"repeat","background-position":"center center","background-size":"auto","background-attachment":"scroll","background-type":"","background-media":"","overlay-type":"","overlay-color":"","overlay-opacity":"","overlay-gradient":""}},"ast-content-background-meta":{"desktop":{"background-color":"var(--ast-global-color-5)","background-image":"","background-repeat":"repeat","background-position":"center center","background-size":"auto","background-attachment":"scroll","background-type":"","background-media":"","overlay-type":"","overlay-color":"","overlay-opacity":"","overlay-gradient":""},"tablet":{"background-color":"var(--ast-global-color-5)","background-image":"","background-repeat":"repeat","background-position":"center center","background-size":"auto","background-attachment":"scroll","background-type":"","background-media":"","overlay-type":"","overlay-color":"","overlay-opacity":"","overlay-gradient":""},"mobile":{"background-color":"var(--ast-global-color-5)","background-image":"","background-repeat":"repeat","background-position":"center center","background-size":"auto","background-attachment":"scroll","background-type":"","background-media":"","overlay-type":"","overlay-color":"","overlay-opacity":"","overlay-gradient":""}},"footnotes":""},"class_list":["post-1633","page","type-page","status-publish","hentry"],"jetpack_sharing_enabled":true,"_links":{"self":[{"href":"https:\/\/www.donbosco-landser.net\/index.php?rest_route=\/wp\/v2\/pages\/1633","targetHints":{"allow":["GET"]}}],"collection":[{"href":"https:\/\/www.donbosco-landser.net\/index.php?rest_route=\/wp\/v2\/pages"}],"about":[{"href":"https:\/\/www.donbosco-landser.net\/index.php?rest_route=\/wp\/v2\/types\/page"}],"author":[{"embeddable":true,"href":"https:\/\/www.donbosco-landser.net\/index.php?rest_route=\/wp\/v2\/users\/1"}],"replies":[{"embeddable":true,"href":"https:\/\/www.donbosco-landser.net\/index.php?rest_route=%2Fwp%2Fv2%2Fcomments&post=1633"}],"version-history":[{"count":25,"href":"https:\/\/www.donbosco-landser.net\/index.php?rest_route=\/wp\/v2\/pages\/1633\/revisions"}],"predecessor-version":[{"id":2714,"href":"https:\/\/www.donbosco-landser.net\/index.php?rest_route=\/wp\/v2\/pages\/1633\/revisions\/2714"}],"up":[{"embeddable":true,"href":"https:\/\/www.donbosco-landser.net\/index.php?rest_route=\/wp\/v2\/pages\/1611"}],"wp:attachment":[{"href":"https:\/\/www.donbosco-landser.net\/index.php?rest_route=%2Fwp%2Fv2%2Fmedia&parent=1633"}],"curies":[{"name":"wp","href":"https:\/\/api.w.org\/{rel}","templated":true}]}}