{"id":1627,"date":"2025-01-14T16:07:41","date_gmt":"2025-01-14T15:07:41","guid":{"rendered":"http:\/\/localhost\/mon-site\/?page_id=1627"},"modified":"2025-08-21T13:57:52","modified_gmt":"2025-08-21T11:57:52","slug":"acces-et-contacts","status":"publish","type":"page","link":"https:\/\/www.donbosco-landser.net\/?page_id=1627","title":{"rendered":"Acc\u00e8s et Contacts"},"content":{"rendered":"\n<div style=\"height:26px\" aria-hidden=\"true\" class=\"wp-block-spacer\"><\/div>\n\n\n\n<h2 class=\"wp-block-heading has-text-align-center\">Acc\u00e8s et contacts<\/h2>\n\n\n\n<div style=\"height:26px\" aria-hidden=\"true\" class=\"wp-block-spacer\"><\/div>\n\n\n\n<p>Bienvenue sur la page d\u00e9di\u00e9e \u00e0 nos informations de contact. Que vous soyez un parent, un \u00e9l\u00e8ve ou toute autre personne int\u00e9ress\u00e9e par notre \u00e9tablissement, vous trouverez ci-dessous les moyens les plus simples pour nous joindre.<\/p>\n\n\n\n<h3 class=\"wp-block-heading\"><strong>Notre \u00e9tablissement<\/strong><\/h3>\n\n\n\n<p><strong>Don Bosco Landser<\/strong><br>\u00c9cole \u2013 Coll\u00e8ge \u2013 Lyc\u00e9e<\/p>\n\n\n\n<hr class=\"wp-block-separator has-alpha-channel-opacity\"\/>\n\n\n\n<h3 class=\"wp-block-heading\"><strong>Adresse<\/strong><\/h3>\n\n\n\n<p>Nous sommes situ\u00e9s \u00e0 l\u2019adresse suivante :<\/p>\n\n\n\n<p><strong>1 rue de Don Bosco<br>68440 \u2013 Landser<br>Alsace, France<\/strong><\/p>\n\n\n\n<h3 class=\"wp-block-heading has-text-align-left\"><strong>Coll\u00e8ge \/ Lyc\u00e9e<\/strong><\/h3>\n\n\n\n<iframe src=\"https:\/\/www.google.com\/maps\/embed?pb=!1m18!1m12!1m3!1d1621.040010005558!2d7.385724783628477!3d47.68451516918561!2m3!1f0!2f0!3f0!3m2!1i1024!2i768!4f13.1!3m3!1m2!1s0x479199e2905cb083%3A0x121fc45877469d75!2sDon%20Bosco%20Coll%C3%A8ge-Lyc%C3%A9e!5e1!3m2!1sfr!2sfr!4v1737532805420!5m2!1sfr!2sfr\" width=\"600\" height=\"450\" style=\"border:0;\" allowfullscreen=\"\" loading=\"lazy\" referrerpolicy=\"no-referrer-when-downgrade\"><\/iframe>\n\n\n\n<div style=\"height:21px\" aria-hidden=\"true\" class=\"wp-block-spacer\"><\/div>\n\n\n\n<hr class=\"wp-block-separator has-alpha-channel-opacity\"\/>\n\n\n\n<h3 class=\"wp-block-heading has-text-align-left\"><strong>Espace Kolmer<\/strong><\/h3>\n\n\n\n<iframe src=\"https:\/\/www.google.com\/maps\/embed?pb=!1m18!1m12!1m3!1d963.8920595612449!2d7.3840613504603!3d47.68365453096074!2m3!1f0!2f0!3f0!3m2!1i1024!2i768!4f13.1!3m3!1m2!1s0x47919757fb1f9667%3A0x9be6f49aa2ae9806!2s5%20Rue%20du%20Couvent%2C%2068440%20Landser!5e1!3m2!1sfr!2sfr!4v1737532975397!5m2!1sfr!2sfr\" width=\"600\" height=\"450\" style=\"border:0;\" allowfullscreen=\"\" loading=\"lazy\" referrerpolicy=\"no-referrer-when-downgrade\"><\/iframe>\n\n\n\n<hr class=\"wp-block-separator has-alpha-channel-opacity\"\/>\n\n\n\n<h3 class=\"wp-block-heading\"><strong>Contactez-nous par email<\/strong><\/h3>\n\n\n\n<p>Si vous avez des questions ou besoin d\u2019informations suppl\u00e9mentaires, n\u2019h\u00e9sitez pas \u00e0 nous contacter par mail \u00e0 l\u2019adresse suivante :<\/p>\n\n\n\n<p><strong>Email<\/strong> : <a>etablissement@donbosco-landser.net<\/a><\/p>\n\n\n\n<p>Nous nous engageons \u00e0 r\u00e9pondre \u00e0 toutes les demandes dans les meilleurs d\u00e9lais.<\/p>\n\n\n\n<div style=\"height:33px\" aria-hidden=\"true\" class=\"wp-block-spacer\"><\/div>\n\n\n\n<hr class=\"wp-block-separator has-alpha-channel-opacity\"\/>\n\n\n\n<div style=\"height:31px\" aria-hidden=\"true\" class=\"wp-block-spacer\"><\/div>\n\n\n\n<h3 class=\"wp-block-heading\"><strong>Site Web<\/strong><\/h3>\n\n\n\n<p>Pour en savoir plus sur notre \u00e9tablissement, nos offres p\u00e9dagogiques et bien plus, visitez notre site officiel :<\/p>\n\n\n\n<p><a href=\"http:\/\/donbosco-landser.net\/\" target=\"_blank\" rel=\"noreferrer noopener\">www.donbosco-landser.net<\/a><\/p>\n\n\n\n<div style=\"height:28px\" aria-hidden=\"true\" class=\"wp-block-spacer\"><\/div>\n\n\n\n<hr class=\"wp-block-separator has-alpha-channel-opacity\"\/>\n\n\n\n<div style=\"height:26px\" aria-hidden=\"true\" class=\"wp-block-spacer\"><\/div>\n\n\n\n<h3 class=\"wp-block-heading\"><strong>T\u00e9l\u00e9phone<\/strong><\/h3>\n\n\n\n<p>Si vous pr\u00e9f\u00e9rez nous joindre par t\u00e9l\u00e9phone, vous pouvez nous appeler au :<\/p>\n\n\n\n<p><strong>Num\u00e9ro<\/strong> : 03.89.81.31.03<\/p>\n\n\n\n<div style=\"height:22px\" aria-hidden=\"true\" class=\"wp-block-spacer\"><\/div>\n\n\n\n<hr class=\"wp-block-separator has-alpha-channel-opacity\"\/>\n\n\n\n<div style=\"height:36px\" aria-hidden=\"true\" class=\"wp-block-spacer\"><\/div>\n\n\n\n<p>Nous esp\u00e9rons que ces informations vous aideront \u00e0 entrer en contact avec nous facilement. Si vous avez d\u2019autres questions, n\u2019h\u00e9sitez pas \u00e0 nous envoyer un e-mail.<\/p>\n\n\n\n<p>\u00c0 tr\u00e8s bient\u00f4t !<\/p>\n\n\n\n<div style=\"height:38px\" aria-hidden=\"true\" class=\"wp-block-spacer\"><\/div>\n\n\n\n<p><\/p>\n","protected":false},"excerpt":{"rendered":"<p>Acc\u00e8s et contacts Bienvenue sur la page d\u00e9di\u00e9e \u00e0 nos informations de contact. Que vous soyez un parent, un \u00e9l\u00e8ve [&hellip;]<\/p>\n","protected":false},"author":1,"featured_media":0,"parent":1611,"menu_order":0,"comment_status":"closed","ping_status":"closed","template":"","meta":{"site-sidebar-layout":"default","site-content-layout":"","ast-site-content-layout":"normal-width-container","site-content-style":"unboxed","site-sidebar-style":"default","ast-global-header-display":"","ast-banner-title-visibility":"","ast-main-header-display":"","ast-hfb-above-header-display":"","ast-hfb-below-header-display":"","ast-hfb-mobile-header-display":"","site-post-title":"disabled","ast-breadcrumbs-content":"","ast-featured-img":"","footer-sml-layout":"","theme-transparent-header-meta":"","adv-header-id-meta":"","stick-header-meta":"","header-above-stick-meta":"","header-main-stick-meta":"","header-below-stick-meta":"","astra-migrate-meta-layouts":"set","ast-page-background-enabled":"default","ast-page-background-meta":{"desktop":{"background-color":"var(--ast-global-color-4)","background-image":"","background-repeat":"repeat","background-position":"center center","background-size":"auto","background-attachment":"scroll","background-type":"","background-media":"","overlay-type":"","overlay-color":"","overlay-opacity":"","overlay-gradient":""},"tablet":{"background-color":"","background-image":"","background-repeat":"repeat","background-position":"center center","background-size":"auto","background-attachment":"scroll","background-type":"","background-media":"","overlay-type":"","overlay-color":"","overlay-opacity":"","overlay-gradient":""},"mobile":{"background-color":"","background-image":"","background-repeat":"repeat","background-position":"center center","background-size":"auto","background-attachment":"scroll","background-type":"","background-media":"","overlay-type":"","overlay-color":"","overlay-opacity":"","overlay-gradient":""}},"ast-content-background-meta":{"desktop":{"background-color":"var(--ast-global-color-5)","background-image":"","background-repeat":"repeat","background-position":"center center","background-size":"auto","background-attachment":"scroll","background-type":"","background-media":"","overlay-type":"","overlay-color":"","overlay-opacity":"","overlay-gradient":""},"tablet":{"background-color":"var(--ast-global-color-5)","background-image":"","background-repeat":"repeat","background-position":"center center","background-size":"auto","background-attachment":"scroll","background-type":"","background-media":"","overlay-type":"","overlay-color":"","overlay-opacity":"","overlay-gradient":""},"mobile":{"background-color":"var(--ast-global-color-5)","background-image":"","background-repeat":"repeat","background-position":"center center","background-size":"auto","background-attachment":"scroll","background-type":"","background-media":"","overlay-type":"","overlay-color":"","overlay-opacity":"","overlay-gradient":""}},"footnotes":""},"class_list":["post-1627","page","type-page","status-publish","hentry"],"jetpack_sharing_enabled":true,"_links":{"self":[{"href":"https:\/\/www.donbosco-landser.net\/index.php?rest_route=\/wp\/v2\/pages\/1627","targetHints":{"allow":["GET"]}}],"collection":[{"href":"https:\/\/www.donbosco-landser.net\/index.php?rest_route=\/wp\/v2\/pages"}],"about":[{"href":"https:\/\/www.donbosco-landser.net\/index.php?rest_route=\/wp\/v2\/types\/page"}],"author":[{"embeddable":true,"href":"https:\/\/www.donbosco-landser.net\/index.php?rest_route=\/wp\/v2\/users\/1"}],"replies":[{"embeddable":true,"href":"https:\/\/www.donbosco-landser.net\/index.php?rest_route=%2Fwp%2Fv2%2Fcomments&post=1627"}],"version-history":[{"count":26,"href":"https:\/\/www.donbosco-landser.net\/index.php?rest_route=\/wp\/v2\/pages\/1627\/revisions"}],"predecessor-version":[{"id":2582,"href":"https:\/\/www.donbosco-landser.net\/index.php?rest_route=\/wp\/v2\/pages\/1627\/revisions\/2582"}],"up":[{"embeddable":true,"href":"https:\/\/www.donbosco-landser.net\/index.php?rest_route=\/wp\/v2\/pages\/1611"}],"wp:attachment":[{"href":"https:\/\/www.donbosco-landser.net\/index.php?rest_route=%2Fwp%2Fv2%2Fmedia&parent=1627"}],"curies":[{"name":"wp","href":"https:\/\/api.w.org\/{rel}","templated":true}]}}