{"id":1623,"date":"2025-01-14T16:06:05","date_gmt":"2025-01-14T15:06:05","guid":{"rendered":"http:\/\/localhost\/mon-site\/?page_id=1623"},"modified":"2025-08-21T13:57:30","modified_gmt":"2025-08-21T11:57:30","slug":"liens-web","status":"publish","type":"page","link":"https:\/\/www.donbosco-landser.net\/?page_id=1623","title":{"rendered":"Nos Partenaires (Liens Web)"},"content":{"rendered":"\n<div style=\"height:48px\" aria-hidden=\"true\" class=\"wp-block-spacer\"><\/div>\n\n\n\n<h2 class=\"wp-block-heading has-text-align-center\">Nos Partenaires &#8211; Liens Web<\/h2>\n\n\n\n<div style=\"height:48px\" aria-hidden=\"true\" class=\"wp-block-spacer\"><\/div>\n\n\n\n<p>Sur cette page, vous trouverez tous les liens web importants li\u00e9s \u00e0 l\u2019\u00e9tablissement.<br>\ud83d\udc49 Restez inform\u00e9 gr\u00e2ce \u00e0 nos r\u00e9seaux sociaux (Instagram, Facebook) et suivez toute l\u2019actualit\u00e9 de la vie scolaire.<\/p>\n\n\n\n<p>Un acc\u00e8s rapide vers <strong>\u00c9coleDirecte<\/strong> est \u00e9galement disponible pour consulter vos notes, vos devoirs et votre emploi du temps en un clic.<br>\ud83d\udcf2 Pratique pour garder le contact et ne rien manquer !<\/p>\n\n\n\n<div style=\"height:23px\" aria-hidden=\"true\" class=\"wp-block-spacer\"><\/div>\n\n\n\n<div class=\"wp-block-media-text is-stacked-on-mobile\" style=\"grid-template-columns:17% auto\"><figure class=\"wp-block-media-text__media\"><a href=\"https:\/\/www.ecoledirecte.com\/login?cameFrom=%2FAccueil\"><img loading=\"lazy\" decoding=\"async\" width=\"500\" height=\"500\" src=\"https:\/\/www.donbosco-landser.net\/wp-content\/uploads\/2025\/04\/unnamed-removebg-preview.png\" alt=\"\" class=\"wp-image-2064 size-full\"\/><\/a><\/figure><div class=\"wp-block-media-text__content\">\n<p>Ecole direct : <a href=\"https:\/\/www.ecoledirecte.com\/login?cameFrom=%2FAccueil\" target=\"_blank\" rel=\"noreferrer noopener\">https:\/\/www.ecoledirecte.com\/<\/a><\/p>\n<\/div><\/div>\n\n\n\n<div style=\"height:40px\" aria-hidden=\"true\" class=\"wp-block-spacer\"><\/div>\n\n\n\n<div class=\"wp-block-media-text is-stacked-on-mobile\" style=\"grid-template-columns:17% auto\"><figure class=\"wp-block-media-text__media\"><a href=\"https:\/\/www.don-bosco.net\/\"><img loading=\"lazy\" decoding=\"async\" width=\"230\" height=\"219\" src=\"https:\/\/www.donbosco-landser.net\/wp-content\/uploads\/2025\/01\/images.png\" alt=\"\" class=\"wp-image-1760 size-full\"\/><\/a><\/figure><div class=\"wp-block-media-text__content\">\n<p>Don Bosco : <a href=\"https:\/\/www.don-bosco.net\/\" target=\"_blank\" rel=\"noreferrer noopener\">https:\/\/www.don-bosco.net\/<\/a><\/p>\n<\/div><\/div>\n\n\n\n<div style=\"height:40px\" aria-hidden=\"true\" class=\"wp-block-spacer\"><\/div>\n\n\n\n<div class=\"wp-block-media-text is-stacked-on-mobile\" style=\"grid-template-columns:21% auto\"><figure class=\"wp-block-media-text__media\"><a href=\"https:\/\/www.ac-strasbourg.fr\/\"><img loading=\"lazy\" decoding=\"async\" width=\"1099\" height=\"689\" src=\"https:\/\/www.donbosco-landser.net\/wp-content\/uploads\/2025\/02\/logo-ac-strasbourg.jpg\" alt=\"\" class=\"wp-image-1942 size-full\"\/><\/a><\/figure><div class=\"wp-block-media-text__content\">\n<p>Acad\u00e9mie de Strasbourg : <a href=\"https:\/\/www.ac-strasbourg.fr\/\" target=\"_blank\" rel=\"noreferrer noopener\">https:\/\/www.ac-strasbourg.fr\/<\/a><\/p>\n<\/div><\/div>\n\n\n\n<div style=\"height:40px\" aria-hidden=\"true\" class=\"wp-block-spacer\"><\/div>\n\n\n\n<div class=\"wp-block-media-text is-stacked-on-mobile\" style=\"grid-template-columns:22% auto\"><figure class=\"wp-block-media-text__media\"><a href=\"https:\/\/0680134b.esidoc.fr\/\"><img loading=\"lazy\" decoding=\"async\" width=\"672\" height=\"372\" src=\"https:\/\/www.donbosco-landser.net\/wp-content\/uploads\/2025\/01\/esidoc2.png\" alt=\"\" class=\"wp-image-1780 size-full\"\/><\/a><\/figure><div class=\"wp-block-media-text__content\">\n<p>E-Sidoc : <a href=\"https:\/\/0680134b.esidoc.fr\/\" target=\"_blank\" rel=\"noreferrer noopener\">https:\/\/0680134b.esidoc.fr\/<\/a><\/p>\n<\/div><\/div>\n\n\n\n<div style=\"height:40px\" aria-hidden=\"true\" class=\"wp-block-spacer\"><\/div>\n\n\n\n<div class=\"wp-block-media-text is-stacked-on-mobile\" style=\"grid-template-columns:21% auto\"><figure class=\"wp-block-media-text__media\"><a href=\"https:\/\/www.facebook.com\/DonBoscoLandser\/?locale=fr_FR\"><img loading=\"lazy\" decoding=\"async\" width=\"980\" height=\"980\" src=\"https:\/\/www.donbosco-landser.net\/wp-content\/uploads\/2025\/01\/facebook-logo-facebook-icon-transparent-free-png.webp\" alt=\"\" class=\"wp-image-1784 size-full\"\/><\/a><\/figure><div class=\"wp-block-media-text__content\">\n<p>Facebook : <a href=\"https:\/\/www.facebook.com\/DonBoscoLandser\/?locale=fr_FR\" target=\"_blank\" rel=\"noreferrer noopener\">https:\/\/www.facebook.com\/DonBoscoLandser\/?locale=fr_FR<\/a><\/p>\n<\/div><\/div>\n\n\n\n<div style=\"height:40px\" aria-hidden=\"true\" class=\"wp-block-spacer\"><\/div>\n\n\n\n<div class=\"wp-block-media-text is-stacked-on-mobile\" style=\"grid-template-columns:20% auto\"><figure class=\"wp-block-media-text__media\"><a href=\"https:\/\/www.instagram.com\/remyisabelle_don_bosco_landser\/\"><img loading=\"lazy\" decoding=\"async\" width=\"2000\" height=\"2000\" src=\"https:\/\/www.donbosco-landser.net\/wp-content\/uploads\/2025\/01\/rb_136728.png\" alt=\"\" class=\"wp-image-1785 size-full\"\/><\/a><\/figure><div class=\"wp-block-media-text__content\">\n<p>Instagram : <a href=\"https:\/\/www.instagram.com\/remyisabelle_don_bosco_landser\/\" target=\"_blank\" rel=\"noreferrer noopener\">https:\/\/www.instagram.com\/remyisabelle_don_bosco_landser\/<\/a><\/p>\n<\/div><\/div>\n\n\n\n<div style=\"height:40px\" aria-hidden=\"true\" class=\"wp-block-spacer\"><\/div>\n\n\n\n<div class=\"wp-block-media-text is-stacked-on-mobile\" style=\"grid-template-columns:17% auto\"><figure class=\"wp-block-media-text__media\"><a href=\"https:\/\/fr.linkedin.com\/company\/don-bosco-landser\"><img loading=\"lazy\" decoding=\"async\" width=\"512\" height=\"512\" src=\"https:\/\/www.donbosco-landser.net\/wp-content\/uploads\/2025\/02\/174857.png\" alt=\"\" class=\"wp-image-1943 size-full\"\/><\/a><\/figure><div class=\"wp-block-media-text__content\">\n<p>LinkedIn : <a href=\"https:\/\/fr.linkedin.com\/company\/don-bosco-landser\" target=\"_blank\" rel=\"noreferrer noopener\">https:\/\/fr.linkedin.com\/company\/don-bosco-landser<\/a><\/p>\n<\/div><\/div>\n\n\n\n<div style=\"height:40px\" aria-hidden=\"true\" class=\"wp-block-spacer\"><\/div>\n\n\n\n<div class=\"wp-block-media-text is-stacked-on-mobile\" style=\"grid-template-columns:17% auto\"><figure class=\"wp-block-media-text__media\"><img loading=\"lazy\" decoding=\"async\" width=\"567\" height=\"510\" src=\"https:\/\/www.donbosco-landser.net\/wp-content\/uploads\/2025\/08\/logo_ddec.jpg\" alt=\"\" class=\"wp-image-2454 size-full\"\/><\/figure><div class=\"wp-block-media-text__content\">\n<p>Direction Dioc\u00e9saine de l&rsquo;Enseignement Catholique: <a href=\"https:\/\/www.enseignement-catholique-alsace.fr\/\" target=\"_blank\" rel=\"noreferrer noopener\">https:\/\/www.enseignement-catholique-alsace.fr\/<\/a><\/p>\n<\/div><\/div>\n\n\n\n<div style=\"height:26px\" aria-hidden=\"true\" class=\"wp-block-spacer\"><\/div>\n\n\n\n<div class=\"wp-block-media-text is-stacked-on-mobile\" style=\"grid-template-columns:17% auto\"><figure class=\"wp-block-media-text__media\"><img loading=\"lazy\" decoding=\"async\" width=\"1000\" height=\"1000\" src=\"https:\/\/www.donbosco-landser.net\/wp-content\/uploads\/2025\/08\/dd-logo-carre-vert.png\" alt=\"\" class=\"wp-image-2456 size-full\"\/><\/figure><div class=\"wp-block-media-text__content\">\n<p>Academica Dual Diploma\u2122 : <a href=\"https:\/\/dualdiploma.org\/\" target=\"_blank\" rel=\"noreferrer noopener\">https:\/\/dualdiploma.org\/<\/a><\/p>\n<\/div><\/div>\n\n\n\n<div style=\"height:55px\" aria-hidden=\"true\" class=\"wp-block-spacer\"><\/div>\n","protected":false},"excerpt":{"rendered":"<p>Nos Partenaires &#8211; Liens Web Sur cette page, vous trouverez tous les liens web importants li\u00e9s \u00e0 l\u2019\u00e9tablissement.\ud83d\udc49 Restez inform\u00e9 [&hellip;]<\/p>\n","protected":false},"author":1,"featured_media":0,"parent":1609,"menu_order":0,"comment_status":"closed","ping_status":"closed","template":"","meta":{"site-sidebar-layout":"default","site-content-layout":"","ast-site-content-layout":"default","site-content-style":"default","site-sidebar-style":"default","ast-global-header-display":"","ast-banner-title-visibility":"","ast-main-header-display":"","ast-hfb-above-header-display":"","ast-hfb-below-header-display":"","ast-hfb-mobile-header-display":"","site-post-title":"disabled","ast-breadcrumbs-content":"","ast-featured-img":"","footer-sml-layout":"","theme-transparent-header-meta":"","adv-header-id-meta":"","stick-header-meta":"","header-above-stick-meta":"","header-main-stick-meta":"","header-below-stick-meta":"","astra-migrate-meta-layouts":"set","ast-page-background-enabled":"default","ast-page-background-meta":{"desktop":{"background-color":"var(--ast-global-color-4)","background-image":"","background-repeat":"repeat","background-position":"center center","background-size":"auto","background-attachment":"scroll","background-type":"","background-media":"","overlay-type":"","overlay-color":"","overlay-opacity":"","overlay-gradient":""},"tablet":{"background-color":"","background-image":"","background-repeat":"repeat","background-position":"center center","background-size":"auto","background-attachment":"scroll","background-type":"","background-media":"","overlay-type":"","overlay-color":"","overlay-opacity":"","overlay-gradient":""},"mobile":{"background-color":"","background-image":"","background-repeat":"repeat","background-position":"center center","background-size":"auto","background-attachment":"scroll","background-type":"","background-media":"","overlay-type":"","overlay-color":"","overlay-opacity":"","overlay-gradient":""}},"ast-content-background-meta":{"desktop":{"background-color":"var(--ast-global-color-5)","background-image":"","background-repeat":"repeat","background-position":"center center","background-size":"auto","background-attachment":"scroll","background-type":"","background-media":"","overlay-type":"","overlay-color":"","overlay-opacity":"","overlay-gradient":""},"tablet":{"background-color":"var(--ast-global-color-5)","background-image":"","background-repeat":"repeat","background-position":"center center","background-size":"auto","background-attachment":"scroll","background-type":"","background-media":"","overlay-type":"","overlay-color":"","overlay-opacity":"","overlay-gradient":""},"mobile":{"background-color":"var(--ast-global-color-5)","background-image":"","background-repeat":"repeat","background-position":"center center","background-size":"auto","background-attachment":"scroll","background-type":"","background-media":"","overlay-type":"","overlay-color":"","overlay-opacity":"","overlay-gradient":""}},"footnotes":""},"class_list":["post-1623","page","type-page","status-publish","hentry"],"jetpack_sharing_enabled":true,"_links":{"self":[{"href":"https:\/\/www.donbosco-landser.net\/index.php?rest_route=\/wp\/v2\/pages\/1623","targetHints":{"allow":["GET"]}}],"collection":[{"href":"https:\/\/www.donbosco-landser.net\/index.php?rest_route=\/wp\/v2\/pages"}],"about":[{"href":"https:\/\/www.donbosco-landser.net\/index.php?rest_route=\/wp\/v2\/types\/page"}],"author":[{"embeddable":true,"href":"https:\/\/www.donbosco-landser.net\/index.php?rest_route=\/wp\/v2\/users\/1"}],"replies":[{"embeddable":true,"href":"https:\/\/www.donbosco-landser.net\/index.php?rest_route=%2Fwp%2Fv2%2Fcomments&post=1623"}],"version-history":[{"count":11,"href":"https:\/\/www.donbosco-landser.net\/index.php?rest_route=\/wp\/v2\/pages\/1623\/revisions"}],"predecessor-version":[{"id":2581,"href":"https:\/\/www.donbosco-landser.net\/index.php?rest_route=\/wp\/v2\/pages\/1623\/revisions\/2581"}],"up":[{"embeddable":true,"href":"https:\/\/www.donbosco-landser.net\/index.php?rest_route=\/wp\/v2\/pages\/1609"}],"wp:attachment":[{"href":"https:\/\/www.donbosco-landser.net\/index.php?rest_route=%2Fwp%2Fv2%2Fmedia&parent=1623"}],"curies":[{"name":"wp","href":"https:\/\/api.w.org\/{rel}","templated":true}]}}