{"id":1607,"date":"2025-01-14T16:01:29","date_gmt":"2025-01-14T15:01:29","guid":{"rendered":"http:\/\/localhost\/mon-site\/?page_id=1607"},"modified":"2025-08-21T08:31:58","modified_gmt":"2025-08-21T06:31:58","slug":"actualites","status":"publish","type":"page","link":"https:\/\/www.donbosco-landser.net\/?page_id=1607","title":{"rendered":"Actualit\u00e9s"},"content":{"rendered":"\n<div style=\"height:64px\" aria-hidden=\"true\" class=\"wp-block-spacer\"><\/div>\n\n\n\n<h2 class=\"wp-block-heading has-text-align-center\">Actualit\u00e9s<\/h2>\n\n\n\n<div style=\"height:24px\" aria-hidden=\"true\" class=\"wp-block-spacer\"><\/div>\n\n\n\n<p><strong>Bienvenue sur la page d&rsquo;actualit\u00e9s de notre \u00e9tablissement scolaire !<\/strong><\/p>\n\n\n\n<p>D\u00e9couvrez ici toute l&rsquo;actualit\u00e9 de notre \u00e9tablissement, \u00e0 travers les derniers articles r\u00e9dig\u00e9s par nos enseignants et membres du personnel. Que ce soit pour partager les projets p\u00e9dagogiques, les \u00e9v\u00e9nements marquants, les r\u00e9ussites de nos \u00e9l\u00e8ves ou les initiatives innovantes, cette page est votre source d&rsquo;information privil\u00e9gi\u00e9e.<\/p>\n\n\n\n<p>Plongez dans les r\u00e9cits de nos professeurs qui vous font vivre les coulisses des cours, des sorties scolaires et des ateliers \u00e9ducatifs. Suivez les t\u00e9moignages inspirants de nos \u00e9quipes et les moments forts qui rythment la vie de notre \u00e9tablissement.<\/p>\n\n\n\n<p>Restez connect\u00e9s pour ne rien manquer de l&rsquo;actualit\u00e9 de notre communaut\u00e9 \u00e9ducative !<\/p>\n\n\n\n<p>\ud83d\udc49&nbsp;<strong>Derniers articles publi\u00e9s :<\/strong><\/p>\n\n\n\n<p>Revenez r\u00e9guli\u00e8rement pour d\u00e9couvrir de nouvelles publications et partagez ces moments avec nous !<\/p>\n\n\n\n<div style=\"height:26px\" aria-hidden=\"true\" class=\"wp-block-spacer\"><\/div>\n\n\n\n<div style=\"height:28px\" aria-hidden=\"true\" class=\"wp-block-spacer\"><\/div>\n\n\n\n<p><\/p>\n","protected":false},"excerpt":{"rendered":"<p>Actualit\u00e9s Bienvenue sur la page d&rsquo;actualit\u00e9s de notre \u00e9tablissement scolaire ! D\u00e9couvrez ici toute l&rsquo;actualit\u00e9 de notre \u00e9tablissement, \u00e0 travers [&hellip;]<\/p>\n","protected":false},"author":1,"featured_media":0,"parent":0,"menu_order":0,"comment_status":"closed","ping_status":"closed","template":"","meta":{"site-sidebar-layout":"default","site-content-layout":"","ast-site-content-layout":"default","site-content-style":"default","site-sidebar-style":"default","ast-global-header-display":"","ast-banner-title-visibility":"","ast-main-header-display":"","ast-hfb-above-header-display":"","ast-hfb-below-header-display":"","ast-hfb-mobile-header-display":"","site-post-title":"disabled","ast-breadcrumbs-content":"","ast-featured-img":"","footer-sml-layout":"","theme-transparent-header-meta":"","adv-header-id-meta":"","stick-header-meta":"","header-above-stick-meta":"","header-main-stick-meta":"","header-below-stick-meta":"","astra-migrate-meta-layouts":"set","ast-page-background-enabled":"default","ast-page-background-meta":{"desktop":{"background-color":"var(--ast-global-color-4)","background-image":"","background-repeat":"repeat","background-position":"center center","background-size":"auto","background-attachment":"scroll","background-type":"","background-media":"","overlay-type":"","overlay-color":"","overlay-opacity":"","overlay-gradient":""},"tablet":{"background-color":"","background-image":"","background-repeat":"repeat","background-position":"center center","background-size":"auto","background-attachment":"scroll","background-type":"","background-media":"","overlay-type":"","overlay-color":"","overlay-opacity":"","overlay-gradient":""},"mobile":{"background-color":"","background-image":"","background-repeat":"repeat","background-position":"center center","background-size":"auto","background-attachment":"scroll","background-type":"","background-media":"","overlay-type":"","overlay-color":"","overlay-opacity":"","overlay-gradient":""}},"ast-content-background-meta":{"desktop":{"background-color":"var(--ast-global-color-5)","background-image":"","background-repeat":"repeat","background-position":"center center","background-size":"auto","background-attachment":"scroll","background-type":"","background-media":"","overlay-type":"","overlay-color":"","overlay-opacity":"","overlay-gradient":""},"tablet":{"background-color":"var(--ast-global-color-5)","background-image":"","background-repeat":"repeat","background-position":"center center","background-size":"auto","background-attachment":"scroll","background-type":"","background-media":"","overlay-type":"","overlay-color":"","overlay-opacity":"","overlay-gradient":""},"mobile":{"background-color":"var(--ast-global-color-5)","background-image":"","background-repeat":"repeat","background-position":"center center","background-size":"auto","background-attachment":"scroll","background-type":"","background-media":"","overlay-type":"","overlay-color":"","overlay-opacity":"","overlay-gradient":""}},"footnotes":""},"class_list":["post-1607","page","type-page","status-publish","hentry"],"jetpack_sharing_enabled":true,"_links":{"self":[{"href":"https:\/\/www.donbosco-landser.net\/index.php?rest_route=\/wp\/v2\/pages\/1607","targetHints":{"allow":["GET"]}}],"collection":[{"href":"https:\/\/www.donbosco-landser.net\/index.php?rest_route=\/wp\/v2\/pages"}],"about":[{"href":"https:\/\/www.donbosco-landser.net\/index.php?rest_route=\/wp\/v2\/types\/page"}],"author":[{"embeddable":true,"href":"https:\/\/www.donbosco-landser.net\/index.php?rest_route=\/wp\/v2\/users\/1"}],"replies":[{"embeddable":true,"href":"https:\/\/www.donbosco-landser.net\/index.php?rest_route=%2Fwp%2Fv2%2Fcomments&post=1607"}],"version-history":[{"count":18,"href":"https:\/\/www.donbosco-landser.net\/index.php?rest_route=\/wp\/v2\/pages\/1607\/revisions"}],"predecessor-version":[{"id":2468,"href":"https:\/\/www.donbosco-landser.net\/index.php?rest_route=\/wp\/v2\/pages\/1607\/revisions\/2468"}],"wp:attachment":[{"href":"https:\/\/www.donbosco-landser.net\/index.php?rest_route=%2Fwp%2Fv2%2Fmedia&parent=1607"}],"curies":[{"name":"wp","href":"https:\/\/api.w.org\/{rel}","templated":true}]}}