{"id":1605,"date":"2025-01-14T15:58:07","date_gmt":"2025-01-14T14:58:07","guid":{"rendered":"http:\/\/localhost\/mon-site\/?page_id=1605"},"modified":"2026-04-19T14:42:26","modified_gmt":"2026-04-19T12:42:26","slug":"accueil","status":"publish","type":"page","link":"https:\/\/www.donbosco-landser.net\/","title":{"rendered":"Accueil"},"content":{"rendered":"\n<div class=\"wp-block-cover alignfull\" style=\"min-height:443px;aspect-ratio:unset;\"><img loading=\"lazy\" decoding=\"async\" width=\"1223\" height=\"789\" class=\"wp-block-cover__image-background wp-image-1672\" alt=\"\" src=\"https:\/\/www.donbosco-landser.net\/wp-content\/uploads\/2025\/01\/CIEL-DBL.jpg\" data-object-fit=\"cover\"\/><span aria-hidden=\"true\" class=\"wp-block-cover__background has-background-dim\"><\/span><div class=\"wp-block-cover__inner-container is-layout-flow wp-block-cover-is-layout-flow\">\n<p><\/p>\n\n\n\n<h2 class=\"wp-block-heading has-text-align-center\"><mark style=\"background-color:rgba(0, 0, 0, 0)\" class=\"has-inline-color has-ast-global-color-5-color\">Don Bosco Landser<\/mark><\/h2>\n<\/div><\/div>\n\n\n\n<hr class=\"wp-block-separator has-alpha-channel-opacity\"\/>\n\n\n\n<div style=\"height:6px\" aria-hidden=\"true\" class=\"wp-block-spacer\"><\/div>\n\n\n\n<h3 class=\"wp-block-heading has-text-align-center\">L\u2019ann\u00e9e scolaire 2025\/2026 : Une nouvelle ann\u00e9e pleine de projets<\/h3>\n\n\n\n<div style=\"height:7px\" aria-hidden=\"true\" class=\"wp-block-spacer\"><\/div>\n\n\n\n<p><strong>Acc\u00e9dez rapidement aux documents les plus demand\u00e9s<\/strong> pour les \u00e9l\u00e8ves. Pour plus de choix, consultez les <strong>cat\u00e9gories<\/strong> d\u00e9di\u00e9es.<\/p>\n\n\n\n<p><strong>Transports Scolaires : <\/strong><\/p>\n\n\n\n<div class=\"wp-block-buttons is-content-justification-left is-layout-flex wp-container-core-buttons-is-layout-fc4fd283 wp-block-buttons-is-layout-flex\">\n<div class=\"wp-block-button\"><a class=\"wp-block-button__link wp-element-button\" href=\"https:\/\/www.donbosco-landser.net\/wp-content\/uploads\/2025\/11\/Horaire-BUS-25-26.pdf\" target=\"_blank\" rel=\"noreferrer noopener\"><strong>Acc\u00e9der aux Transports Scolaires<\/strong><\/a><\/div>\n\n\n\n<div class=\"wp-block-button\"><a class=\"wp-block-button__link wp-element-button\" href=\"https:\/\/www.donbosco-landser.net\/wp-content\/uploads\/2026\/03\/Horaire-BUS-25-26.pdf\" target=\"_blank\" rel=\"noreferrer noopener\"><strong>Horaires 2025-2026<\/strong><\/a><\/div>\n\n\n\n<div class=\"wp-block-button\"><a class=\"wp-block-button__link wp-element-button\" href=\"https:\/\/www.donbosco-landser.net\/wp-content\/uploads\/2025\/08\/Modifcation-bus-2025-2026.pdf\" target=\"_blank\" rel=\"noreferrer noopener\"><strong>Modifications d&rsquo;arr\u00eats <\/strong><\/a><\/div>\n<\/div>\n\n\n\n<p><strong>Rentr\u00e9e 2025\/2026 : <\/strong><\/p>\n\n\n\n<div class=\"wp-block-buttons is-content-justification-left is-layout-flex wp-container-core-buttons-is-layout-fc4fd283 wp-block-buttons-is-layout-flex\">\n<div class=\"wp-block-button\"><a class=\"wp-block-button__link wp-element-button\" href=\"https:\/\/www.donbosco-landser.net\/wp-content\/uploads\/2025\/08\/Liste-materiel-Eleve-College-25-26.pdf\" target=\"_blank\" rel=\"noreferrer noopener\"><strong>Fournitures Coll\u00e8ge<\/strong><\/a><\/div>\n\n\n\n<div class=\"wp-block-button\"><a class=\"wp-block-button__link wp-element-button\" href=\"https:\/\/www.donbosco-landser.net\/wp-content\/uploads\/2025\/08\/Liste-de-materiel-lycee-2025.pdf\" target=\"_blank\" rel=\"noreferrer noopener\"><strong>Fournitures Lyc\u00e9e<\/strong><\/a><\/div>\n\n\n\n<div class=\"wp-block-button\"><a class=\"wp-block-button__link wp-element-button\" href=\"https:\/\/www.donbosco-landser.net\/wp-content\/uploads\/2025\/08\/Calculatrice-Lycee-2025.pdf\" target=\"_blank\" rel=\"noreferrer noopener\"><strong>Calculatrice Lyc\u00e9e<\/strong><\/a><\/div>\n<\/div>\n\n\n\n<p><strong>Divers : <\/strong><\/p>\n\n\n\n<div class=\"wp-block-buttons is-content-justification-left is-layout-flex wp-container-core-buttons-is-layout-6a42c07d wp-block-buttons-is-layout-flex\">\n<div class=\"wp-block-button\"><a class=\"wp-block-button__link wp-element-button\" href=\"https:\/\/www.donbosco-landser.net\/wp-content\/uploads\/2026\/04\/Menu-du-27-au-30-avril.pdf\" target=\"_blank\" rel=\"noreferrer noopener\"><strong>Consulter les Menus de la Semaine<\/strong><\/a><\/div>\n\n\n\n<div class=\"wp-block-button\"><a class=\"wp-block-button__link wp-element-button\" href=\"https:\/\/www.donbosco-landser.net\/wp-content\/uploads\/2025\/08\/Calendrier-vacances-2025.pdf\" target=\"_blank\" rel=\"noreferrer noopener\"><strong>Voir le Calendrier des Vacances<\/strong><\/a><\/div>\n<\/div>\n\n\n\n<div style=\"height:8px\" aria-hidden=\"true\" class=\"wp-block-spacer\"><\/div>\n\n\n\n<hr class=\"wp-block-separator has-alpha-channel-opacity\"\/>\n\n\n\n<h3 class=\"wp-block-heading has-text-align-center\"><strong>Pr\u00e9sentation de l&rsquo;\u00c9tablissement Don Bosco Landser<\/strong><\/h3>\n\n\n\n<div style=\"height:19px\" aria-hidden=\"true\" class=\"wp-block-spacer\"><\/div>\n\n\n\n<p>Une \u00e9cole \u00e0 part \u00bb, je ne sais pas&#8230; mais une Maison de Don Bosco, \u00e7a, c&rsquo;est s\u00fbr ! C&rsquo;est une grande famille, avec des valeurs communes et un bel id\u00e9al.<\/p>\n\n\n\n<p>La maison abrite une famille et Don Bosco a fond\u00e9 une grande famille, avec des valeurs communes et un bel id\u00e9al.<\/p>\n\n\n\n<p>Don Bosco Landser accueille chaque jeune, afin qu&rsquo;il puisse donner le meilleur de lui-m\u00eame et se pr\u00e9parer au mieux son avenir : jardinier ou ing\u00e9nieur, peu importe, pourvu qu&rsquo;il r\u00e9ussisse sa vie en petite aux autres et bien dans sa peau.<\/p>\n\n\n\n<p>Le travail scolaire, l&rsquo;enseignement, gr\u00e2ce \u00e0 une \u00e9quipe p\u00e9dagogique solide, demeurent une priorit\u00e9 et des gages de qualit\u00e9 : ce sont les fondations de la maison.<\/p>\n\n\n\n<p>Et puis, il y a les murs, les fen\u00eatres et les portes ! Ouverture. Aujourd&rsquo;hui et demain. L&rsquo;ouverture est celle sur le monde, afin de permettre aux jeunes de mieux comprendre la soci\u00e9t\u00e9 humaine. C&rsquo;est pourquoi nos institutions sur l&rsquo;ouverture \u00e0 l&rsquo;Europe (bilinguisme, section europ\u00e9enne&#8230;).<\/p>\n\n\n\n<p>La d\u00e9couverte du monde du travail (stages, visites d&rsquo;entreprises&#8230;), la sensibilisation aux d\u00e9fis de notre temps (sant\u00e9, pr\u00e9vention routi\u00e8re&#8230;).<\/p>\n\n\n\n<p>L&rsquo;enrichissement culturel (th\u00e9\u00e2tre, mus\u00e9es&#8230;), voil\u00e0 nos fen\u00eatres et portes grandes ouvertes.<\/p>\n\n\n\n<p>En ce qui concerne les habitants de la maison, ils sont nombreux : tous, jeunes, professeurs, personnels de service et administratifs, parents y ont un r\u00f4le \u00e0 jouer et une responsabilit\u00e9 \u00e0 tenir. Suivant le niveau de chacun, jeunes prennent des responsabilit\u00e9s, afin que notre Maison soit un lieu o\u00f9 il fait bon vivre (chefs de bus, tuteur, clubs&#8230;). Au-del\u00e0 du scolaire, chacun doit pouvoir d\u00e9velopper ses talents et les partager, notamment lors des temps de f\u00eate.<\/p>\n\n\n\n<p>Enfin, pour \u00eatre agr\u00e9able \u00e0 vivre, une maison a besoin d&rsquo; une \u00ab \u00e2me \u00bb, d&rsquo;un esprit, d&rsquo;un climat serein. Chaque jeune a besoin de grandir spirituellement. Un questionnement sur les valeurs humaines, la culture religieuse, la cat\u00e9ch\u00e8se, la pr\u00e9paration aux sacrements, les acteurs de soli- darit\u00e9, les c\u00e9l\u00e9brations permettent \u00e0 chacun de faire un bout de chemin ensemble, dans un climat de confiance et de respect mutuels.<\/p>\n\n\n\n<p>Pr\u00e9par\u00e9s au mieux le jeune \u00e0 son avenir, c&rsquo;est l&rsquo;aider \u00e0 acqu\u00e9rir un savoir, un savoir-faire, mais aussi un savoir-\u00eatre.<\/p>\n\n\n\n<p>Nous souhaitons qu&rsquo;il puisse r\u00e9ussir sa vie, et pas uniquement dans la vie.<\/p>\n\n\n\n<p>\u00c0 travers ces quelques mots, j&rsquo;esp\u00e8re vous faire comprendre que Don Bosco Lander se veut une Maison o\u00f9 il fait bon travailler, mais aussi o\u00f9 il fait bon vivre. Alors&#8230; une \u00ab \u00e9cole \u00e0 part \u00bb &#8230;peut-\u00eatre bien !<\/p>\n\n\n\n<p class=\"has-text-align-right\"><strong><em>A. WERNER, Directeur<\/em><\/strong><\/p>\n\n\n\n<hr class=\"wp-block-separator has-alpha-channel-opacity\"\/>\n\n\n\n<div style=\"height:31px\" aria-hidden=\"true\" class=\"wp-block-spacer\"><\/div>\n\n\n\n<h3 class=\"wp-block-heading\">ENT <strong>EcoleDirecte : Acc\u00e9dez facilement \u00e0 votre espace<\/strong><\/h3>\n\n\n\n<p class=\"has-text-align-center\"><strong><em>Ouverture d&rsquo;Ecole Directe a partir du jour de la rentr\u00e9e !<\/em><\/strong><\/p>\n\n\n\n<div class=\"wp-block-buttons is-content-justification-center is-layout-flex wp-container-core-buttons-is-layout-a89b3969 wp-block-buttons-is-layout-flex\">\n<div class=\"wp-block-button\"><a class=\"wp-block-button__link wp-element-button\" href=\"https:\/\/www.ecoledirecte.com\/\" target=\"_blank\" rel=\"noreferrer noopener\"><strong>Acc\u00e9der \u00e0 \u00c9cole Direct<\/strong><\/a><\/div>\n<\/div>\n\n\n\n<p><strong>Tutoriel Officiel :<\/strong><br>Pour une premi\u00e8re connexion \u00e0 EcoleDirecte, suivez le tutoriel officiel <a href=\"https:\/\/www.youtube.com\/watch?v=vhf0lTzwNYk\" target=\"_blank\" rel=\"noreferrer noopener\">ici.<\/a><\/p>\n\n\n\n<p><strong>Rappel Important :<\/strong><\/p>\n\n\n\n<ul class=\"wp-block-list\">\n<li><strong>Codes distincts :<\/strong> Les codes EcoleDirecte sont diff\u00e9rents pour les parents et les \u00e9l\u00e8ves.<\/li>\n\n\n\n<li><strong>Connexion parent :<\/strong> Les parents doivent utiliser leur propre code personnel, car les informations disponibles pour eux diff\u00e8rent de celles des \u00e9l\u00e8ves.<\/li>\n\n\n\n<li><strong>Connexion \u00e9l\u00e8ve :<\/strong> Seuls les \u00e9l\u00e8ves peuvent acc\u00e9der \u00e0 leur espace de travail avec leur code sp\u00e9cifique.<\/li>\n<\/ul>\n\n\n\n<p><strong>Mot de Passe Oubli\u00e9 ?<\/strong><br>En cas de perte ou d\u2019erreur de mot de passe, contactez-nous par email \u00e0 : <a>etablissement@donbosco-landser.net<\/a>.<\/p>\n\n\n\n<div style=\"height:6px\" aria-hidden=\"true\" class=\"wp-block-spacer\"><\/div>\n\n\n\n<hr class=\"wp-block-separator has-alpha-channel-opacity\"\/>\n\n\n\n<div style=\"height:13px\" aria-hidden=\"true\" class=\"wp-block-spacer\"><\/div>\n\n\n\n<h3 class=\"wp-block-heading has-text-align-center\"><strong>L&rsquo;h\u00e9ritage de Don Bosco<\/strong><\/h3>\n\n\n\n<p><strong>Don Bosco, l&rsquo;ami des jeunes<\/strong><\/p>\n\n\n\n<p>Jean Bosco, aussi appel\u00e9 Don Bosco, est un pr\u00eatre italien du 19\u00e8me si\u00e8cle qui a consacr\u00e9 sa vie \u00e0 l&rsquo;\u00e9ducation des jeunes de milieu d\u00e9favoris\u00e9.<\/p>\n\n\n\n<p>Jean Bosco est n\u00e9 le 16 ao\u00fbt 1815 dans une famille de paysans tr\u00e8s modestes de la r\u00e9gion de Turin.<\/p>\n\n\n\n<p>Un r\u00eave qu&rsquo;il fait \u00e0 9 ans aura une forte influence sur sa vie : il se r\u00e9v\u00e8le d\u00e9j\u00e0 son d\u00e9sir d&rsquo;\u00eatre pr\u00eatre. Tr\u00e8s jeune, il a la chance de sur ses camarades qu&rsquo;il distrait par ses exercices d&rsquo;acrobatie, de prestidigitation, mais qu&rsquo;il m\u00e8ne aussi \u00e0 chanter des cantiques et r\u00e9citer le chapelet.<\/p>\n\n\n\n<p>Malgr\u00e9 la pauvret\u00e9 de sa famille (son p\u00e8re est mort alors qu&rsquo;il avait \u00e0 peine 2 ans) il arrive, gr\u00e2ce \u00e0 de nombreux petits boulots, \u00e0 faire des \u00e9tudes secondaires puis \u00e0 entrer au s\u00e9minaire. Il est ordonn\u00e9 pr\u00eatre en juin 1841.<\/p>\n\n\n\n<p>Boulvers\u00e9 par la mis\u00e8re des jeunes, souvent sans famille, devenus des exploit\u00e9s qui arrivent tr\u00e8s nombreux \u00e0 Turin, Don Bosco d\u00e9cide de se consacrer enti\u00e8rement \u00e0 eux. D&rsquo;abord il organise un patronage o\u00f9 il accueille les jeunes le dimanche et leur propose des activit\u00e9s de loisir et des exercices spirituels. Bient\u00f4t il cr\u00e9e au Valdocco, un des quartiers de Turin, un foyer pour h\u00e9berger les plus d\u00e9sh\u00e9rit\u00e9s. Au fur et \u00e0 mesure le nombre de ses pensionnaires augmentent et les activit\u00e9s propos\u00e9es s&rsquo;\u00e9largissent : cours du soir, cours professionnel, \u00e9cole secondaire&#8230;<\/p>\n\n\n\n<p>Don Bosco a mis en \u0153uvre dans sa \u00ab maison \u00bb une d\u00e9marche \u00e9ducative tout \u00e0 fait originale bas\u00e9e sur la confiance et l&rsquo;affection envers le jeune. Pour encadrer ces jeunes et mettre en \u0153uvre cette p\u00e9dagogie, il s&rsquo;appuie sur les plus grands, suscit\u00e9e des vocations et cr\u00e9e en 1859 une congr\u00e9gation religieuse : la Soci\u00e9t\u00e9 de St Fran\u00e7ois de Sales, dont les membres sont appel\u00e9s les Sal\u00e9siens. En 1872, avec Marie-Dominique Mazzarello, il fonde la Congr\u00e9gation des Filles de Marie-Auxiliatrice ou S\u0153urs Sal\u00e9siennes. Progressivement, d&rsquo;autres maisons sont cr\u00e9\u00e9es en Italie, en France et jusqu&rsquo;en Am\u00e9rique Latine.<\/p>\n\n\n\n<p class=\"has-text-align-right\">Don Bosco meurt \u00e0 Turin le 31 janvier 1888. Il est proclam\u00e9 saint par le Pape Pie XI en 1934.<\/p>\n\n\n\n<p><strong><strong>Quelques citations inspirantes de Don Bosco<\/strong><\/strong> <strong>:<\/strong><\/p>\n\n\n\n<blockquote class=\"wp-block-quote is-layout-flow wp-block-quote-is-layout-flow\">\n<p><em>\u00ab\u00a0Il suffit que vous soyez jeunes pour que je vous aime.\u00a0\u00bb<\/em><\/p>\n<cite>Don Bosco<\/cite><\/blockquote>\n\n\n\n<blockquote class=\"wp-block-quote is-layout-flow wp-block-quote-is-layout-flow\">\n<p>\u00ab\u00a0Moi, j\u2019ai fait le brouillon; vous mettrez les couleurs.\u00a0\u00bb <\/p>\n<cite>Don Bosco<\/cite><\/blockquote>\n\n\n\n<div style=\"height:71px\" aria-hidden=\"true\" class=\"wp-block-spacer\"><\/div>\n\n\n\n<p><\/p>\n\n\n\n<p><\/p>\n\n\n\n<p><\/p>\n\n\n\n<p><\/p>\n\n\n\n<p><\/p>\n","protected":false},"excerpt":{"rendered":"<p>L\u2019ann\u00e9e scolaire 2025\/2026 : Une nouvelle ann\u00e9e pleine de projets Acc\u00e9dez rapidement aux documents les plus demand\u00e9s pour les \u00e9l\u00e8ves. [&hellip;]<\/p>\n","protected":false},"author":1,"featured_media":0,"parent":0,"menu_order":0,"comment_status":"closed","ping_status":"closed","template":"","meta":{"site-sidebar-layout":"default","site-content-layout":"","ast-site-content-layout":"default","site-content-style":"default","site-sidebar-style":"default","ast-global-header-display":"","ast-banner-title-visibility":"","ast-main-header-display":"","ast-hfb-above-header-display":"","ast-hfb-below-header-display":"","ast-hfb-mobile-header-display":"","site-post-title":"disabled","ast-breadcrumbs-content":"","ast-featured-img":"","footer-sml-layout":"","theme-transparent-header-meta":"","adv-header-id-meta":"","stick-header-meta":"","header-above-stick-meta":"","header-main-stick-meta":"","header-below-stick-meta":"","astra-migrate-meta-layouts":"set","ast-page-background-enabled":"default","ast-page-background-meta":{"desktop":{"background-color":"var(--ast-global-color-4)","background-image":"","background-repeat":"repeat","background-position":"center center","background-size":"auto","background-attachment":"scroll","background-type":"","background-media":"","overlay-type":"","overlay-color":"","overlay-opacity":"","overlay-gradient":""},"tablet":{"background-color":"","background-image":"","background-repeat":"repeat","background-position":"center center","background-size":"auto","background-attachment":"scroll","background-type":"","background-media":"","overlay-type":"","overlay-color":"","overlay-opacity":"","overlay-gradient":""},"mobile":{"background-color":"","background-image":"","background-repeat":"repeat","background-position":"center center","background-size":"auto","background-attachment":"scroll","background-type":"","background-media":"","overlay-type":"","overlay-color":"","overlay-opacity":"","overlay-gradient":""}},"ast-content-background-meta":{"desktop":{"background-color":"var(--ast-global-color-5)","background-image":"","background-repeat":"repeat","background-position":"center center","background-size":"auto","background-attachment":"scroll","background-type":"","background-media":"","overlay-type":"","overlay-color":"","overlay-opacity":"","overlay-gradient":""},"tablet":{"background-color":"var(--ast-global-color-5)","background-image":"","background-repeat":"repeat","background-position":"center center","background-size":"auto","background-attachment":"scroll","background-type":"","background-media":"","overlay-type":"","overlay-color":"","overlay-opacity":"","overlay-gradient":""},"mobile":{"background-color":"var(--ast-global-color-5)","background-image":"","background-repeat":"repeat","background-position":"center center","background-size":"auto","background-attachment":"scroll","background-type":"","background-media":"","overlay-type":"","overlay-color":"","overlay-opacity":"","overlay-gradient":""}},"footnotes":""},"class_list":["post-1605","page","type-page","status-publish","hentry"],"jetpack_sharing_enabled":true,"_links":{"self":[{"href":"https:\/\/www.donbosco-landser.net\/index.php?rest_route=\/wp\/v2\/pages\/1605","targetHints":{"allow":["GET"]}}],"collection":[{"href":"https:\/\/www.donbosco-landser.net\/index.php?rest_route=\/wp\/v2\/pages"}],"about":[{"href":"https:\/\/www.donbosco-landser.net\/index.php?rest_route=\/wp\/v2\/types\/page"}],"author":[{"embeddable":true,"href":"https:\/\/www.donbosco-landser.net\/index.php?rest_route=\/wp\/v2\/users\/1"}],"replies":[{"embeddable":true,"href":"https:\/\/www.donbosco-landser.net\/index.php?rest_route=%2Fwp%2Fv2%2Fcomments&post=1605"}],"version-history":[{"count":83,"href":"https:\/\/www.donbosco-landser.net\/index.php?rest_route=\/wp\/v2\/pages\/1605\/revisions"}],"predecessor-version":[{"id":2713,"href":"https:\/\/www.donbosco-landser.net\/index.php?rest_route=\/wp\/v2\/pages\/1605\/revisions\/2713"}],"wp:attachment":[{"href":"https:\/\/www.donbosco-landser.net\/index.php?rest_route=%2Fwp%2Fv2%2Fmedia&parent=1605"}],"curies":[{"name":"wp","href":"https:\/\/api.w.org\/{rel}","templated":true}]}}